{"id":243,"date":"2018-06-20T07:16:56","date_gmt":"2018-06-20T07:16:56","guid":{"rendered":"https:\/\/euamotrico.com.br\/loja\/produto\/assorted-dry-fruits\/"},"modified":"2025-09-09T23:57:35","modified_gmt":"2025-09-09T23:57:35","slug":"receita-escrita-casaquinho-diamante-baby","status":"publish","type":"product","link":"https:\/\/euamotrico.com.br\/loja\/produto\/receita-escrita-casaquinho-diamante-baby\/","title":{"rendered":"Receita Escrita Casaquinho Diamante Baby #1"},"content":{"rendered":"<p>Aqui voc\u00ea encontra o PDF da receita escrita do casaquinho feito com o fio Diamante Baby, para beb\u00eas de 1 \u00e0 3 meses. Esse casaco \u00e9 top down (iniciado no pesco\u00e7o, seguindo para mangas e corpo). Possui casas de bot\u00f5es detalhadas na receita escrita, bem como quantidade exata de carreiras para mangas e corpo, lista de substitui\u00e7\u00e3o do fio, medidas finais, amostra e indica\u00e7\u00f5es de pe\u00e7as gratuitas para compor um conjuntinho de beb\u00ea. Recomendo conhecimento b\u00e1sico de pe\u00e7as neste formato para facilitar a compreens\u00e3o da receita escrita.<\/p>\n<p>Ao comprar, voc\u00ea tem acesso ao local de download do arquivo em PDF dispon\u00edvel aqui no site.<\/p>\n<p>Para baixar a receita ap\u00f3s comprar:<br \/>\n1. Entre na loja com seu cadastro.<br \/>\n2. Clique em Minha Conta no menu superior.<br \/>\n3. Clique em Download (3\u00aa op\u00e7\u00e3o no menu \u00e0 esquerda).<\/p>\n<p>Este produto \u00e9 digital, ap\u00f3s sua compra, n\u00e3o aceitamos trocas ou devolu\u00e7\u00f5es.<\/p>\n","protected":false},"excerpt":{"rendered":"<p>Aqui voc\u00ea encontra o PDF da receita escrita do casaquinho top down feito com o fio Diamante Baby, para beb\u00eas de 1 \u00e0 3 meses. Se voc\u00ea \u00e9 membro do Jardim esta receita est\u00e1 dispon\u00edvel para voc\u00ea no pr\u00f3prio Jardim com v\u00eddeo do passo a passo carreira por carreira.<\/p>\n","protected":false},"featured_media":3822,"comment_status":"open","ping_status":"closed","template":"","meta":[],"class_list":["post-243","product","type-product","status-publish","has-post-thumbnail","hentry","product_cat-receita-de-bebe","product_cat-receita-de-trico","product_cat-receitas-escritas","product_cat-top-down","product_tag-casaco","product_tag-receitas-escritas"],"jetpack_sharing_enabled":true,"_links":{"self":[{"href":"https:\/\/euamotrico.com.br\/loja\/wp-json\/wp\/v2\/product\/243","targetHints":{"allow":["GET"]}}],"collection":[{"href":"https:\/\/euamotrico.com.br\/loja\/wp-json\/wp\/v2\/product"}],"about":[{"href":"https:\/\/euamotrico.com.br\/loja\/wp-json\/wp\/v2\/types\/product"}],"replies":[{"embeddable":true,"href":"https:\/\/euamotrico.com.br\/loja\/wp-json\/wp\/v2\/comments?post=243"}],"version-history":[{"count":6,"href":"https:\/\/euamotrico.com.br\/loja\/wp-json\/wp\/v2\/product\/243\/revisions"}],"predecessor-version":[{"id":5091,"href":"https:\/\/euamotrico.com.br\/loja\/wp-json\/wp\/v2\/product\/243\/revisions\/5091"}],"wp:featuredmedia":[{"embeddable":true,"href":"https:\/\/euamotrico.com.br\/loja\/wp-json\/wp\/v2\/media\/3822"}],"wp:attachment":[{"href":"https:\/\/euamotrico.com.br\/loja\/wp-json\/wp\/v2\/media?parent=243"}],"curies":[{"name":"wp","href":"https:\/\/api.w.org\/{rel}","templated":true}]}}