{"id":4022,"date":"2021-03-30T04:22:10","date_gmt":"2021-03-30T04:22:10","guid":{"rendered":"https:\/\/euamotrico.com.br\/loja\/?post_type=product&#038;p=4022"},"modified":"2025-09-09T23:57:29","modified_gmt":"2025-09-09T23:57:29","slug":"receita-escrita-polainas-blog-by-day","status":"publish","type":"product","link":"https:\/\/euamotrico.com.br\/loja\/produto\/receita-escrita-polainas-blog-by-day\/","title":{"rendered":"Receita Escrita Polainas Blog By Day"},"content":{"rendered":"<p>Aqui voc\u00ea encontra o PDF da receita escrita das polainas que fiz usando apenas 1 novelo de Classic Pull.<\/p>\n<p>Ao comprar, voc\u00ea tem acesso ao local de download do arquivo em PDF dispon\u00edvel aqui no site.<\/p>\n<p>Para baixar a receita ap\u00f3s comprar:<br \/>\n1. Entre na loja com seu cadastro.<br \/>\n2. Clique em Minha Conta no menu superior.<br \/>\n3. Clique em Download (3\u00aa op\u00e7\u00e3o no menu \u00e0 esquerda).<\/p>\n<p>Este produto \u00e9 digital, <strong>ap\u00f3s sua compra, n\u00e3o aceitamos trocas ou devolu\u00e7\u00f5es, qualquer d\u00favida, entre em contato por loja@euamotrico.com.br<\/strong><\/p>\n","protected":false},"excerpt":{"rendered":"<p>Aqui voc\u00ea encontra o PDF da receita escrita das polainas para adultos que fiz usando fio Classic Pull.<\/p>\n","protected":false},"featured_media":4025,"comment_status":"open","ping_status":"closed","template":"","meta":[],"class_list":["post-4022","product","type-product","status-publish","has-post-thumbnail","hentry","product_cat-acessorios","product_cat-pecas-para-adultos","product_cat-receita-de-trico","product_cat-receitas-escritas","product_tag-acessorio","product_tag-diversas","product_tag-polaina","product_tag-receitas-escritas"],"jetpack_sharing_enabled":true,"_links":{"self":[{"href":"https:\/\/euamotrico.com.br\/loja\/wp-json\/wp\/v2\/product\/4022","targetHints":{"allow":["GET"]}}],"collection":[{"href":"https:\/\/euamotrico.com.br\/loja\/wp-json\/wp\/v2\/product"}],"about":[{"href":"https:\/\/euamotrico.com.br\/loja\/wp-json\/wp\/v2\/types\/product"}],"replies":[{"embeddable":true,"href":"https:\/\/euamotrico.com.br\/loja\/wp-json\/wp\/v2\/comments?post=4022"}],"version-history":[{"count":1,"href":"https:\/\/euamotrico.com.br\/loja\/wp-json\/wp\/v2\/product\/4022\/revisions"}],"predecessor-version":[{"id":4027,"href":"https:\/\/euamotrico.com.br\/loja\/wp-json\/wp\/v2\/product\/4022\/revisions\/4027"}],"wp:featuredmedia":[{"embeddable":true,"href":"https:\/\/euamotrico.com.br\/loja\/wp-json\/wp\/v2\/media\/4025"}],"wp:attachment":[{"href":"https:\/\/euamotrico.com.br\/loja\/wp-json\/wp\/v2\/media?parent=4022"}],"curies":[{"name":"wp","href":"https:\/\/api.w.org\/{rel}","templated":true}]}}