{"id":4030,"date":"2021-04-01T14:56:35","date_gmt":"2021-04-01T14:56:35","guid":{"rendered":"https:\/\/euamotrico.com.br\/loja\/?post_type=product&#038;p=4030"},"modified":"2025-09-09T23:57:11","modified_gmt":"2025-09-09T23:57:11","slug":"quadrado-de-coelhinho-no-trico","status":"publish","type":"product","link":"https:\/\/euamotrico.com.br\/loja\/produto\/quadrado-de-coelhinho-no-trico\/","title":{"rendered":"Quadrado de Coelhinho no Tric\u00f4 #2"},"content":{"rendered":"<p>Aqui voc\u00ea encontra o PDF deste quadrado com desenho de coelhinho. A receita escrita vem com a orienta\u00e7\u00e3o para um quadrado m\u00e9dio, bem como todas as carreiras, lista de substitui\u00e7\u00e3o do fio, medidas finais e amostra. Recomendo conhecimento b\u00e1sico de pe\u00e7as neste formato para facilitar a compreens\u00e3o da receita escrita.<\/p>\n<p>Ao comprar, voc\u00ea tem acesso ao local de download do arquivo em PDF dispon\u00edvel aqui no site.<\/p>\n<p>Para baixar a receita ap\u00f3s comprar:<br \/>\n1. Entre na loja com seu cadastro.<br \/>\n2. Clique em Minha Conta no menu superior.<br \/>\n3. Clique em Download (3\u00aa op\u00e7\u00e3o no menu \u00e0 esquerda).<\/p>\n<p>Este produto \u00e9 digital, ap\u00f3s sua compra, <strong>n\u00e3o aceitamos trocas ou devolu\u00e7\u00f5es<\/strong>. Qualquer d\u00favida entre em contato por: loja@euamotrico.com.br<\/p>\n<p>\u2764<\/p>\n","protected":false},"excerpt":{"rendered":"<p>Aqui voc\u00ea encontra o PDF da receita escrita do quadradinho de coelhinho que fiz aos apoiadores do meu trabalho. Se voc\u00ea \u00e9 membro do Jardim esta receita est\u00e1 dispon\u00edvel para voc\u00ea no pr\u00f3prio Jardim com v\u00eddeo do passo a passo carreira por carreira.<\/p>\n","protected":false},"featured_media":4031,"comment_status":"open","ping_status":"closed","template":"","meta":[],"class_list":["post-4030","product","type-product","status-publish","has-post-thumbnail","hentry","product_cat-receita-de-bebe","product_cat-receita-de-trico","product_cat-receitas-escritas","product_tag-diversas","product_tag-quadrado","product_tag-receitas-escritas"],"jetpack_sharing_enabled":true,"_links":{"self":[{"href":"https:\/\/euamotrico.com.br\/loja\/wp-json\/wp\/v2\/product\/4030","targetHints":{"allow":["GET"]}}],"collection":[{"href":"https:\/\/euamotrico.com.br\/loja\/wp-json\/wp\/v2\/product"}],"about":[{"href":"https:\/\/euamotrico.com.br\/loja\/wp-json\/wp\/v2\/types\/product"}],"replies":[{"embeddable":true,"href":"https:\/\/euamotrico.com.br\/loja\/wp-json\/wp\/v2\/comments?post=4030"}],"version-history":[{"count":3,"href":"https:\/\/euamotrico.com.br\/loja\/wp-json\/wp\/v2\/product\/4030\/revisions"}],"predecessor-version":[{"id":5090,"href":"https:\/\/euamotrico.com.br\/loja\/wp-json\/wp\/v2\/product\/4030\/revisions\/5090"}],"wp:featuredmedia":[{"embeddable":true,"href":"https:\/\/euamotrico.com.br\/loja\/wp-json\/wp\/v2\/media\/4031"}],"wp:attachment":[{"href":"https:\/\/euamotrico.com.br\/loja\/wp-json\/wp\/v2\/media?parent=4030"}],"curies":[{"name":"wp","href":"https:\/\/api.w.org\/{rel}","templated":true}]}}