{"id":4274,"date":"2021-06-24T16:17:53","date_gmt":"2021-06-24T16:17:53","guid":{"rendered":"https:\/\/euamotrico.com.br\/loja\/?post_type=product&#038;p=4274"},"modified":"2025-09-09T23:55:01","modified_gmt":"2025-09-09T23:55:01","slug":"sapatinho-crisantemo-2-anos","status":"publish","type":"product","link":"https:\/\/euamotrico.com.br\/loja\/produto\/sapatinho-crisantemo-2-anos\/","title":{"rendered":"Sapatinho Cris\u00e2ntemo &#8211; 2 Anos"},"content":{"rendered":"<p>Aqui voc\u00ea encontra o PDF desta receita. A receita escrita vem com a orienta\u00e7\u00e3o para um sapatinho que veste p\u00e9 tamanho 2 anos com borda arredondada, amostra, lista de materiais, lista de substitui\u00e7\u00e3o do fio, desenho da pe\u00e7a com medidas e carreiras descritas uma por uma para a execu\u00e7\u00e3o de um sapatinho em agulhas retas. \u00c9 uma pe\u00e7a para n\u00edvel iniciante no tric\u00f4 portanto conhecer os pontos b\u00e1sicos no tric\u00f4 facilitar a compreens\u00e3o da receita escrita.<\/p>\n<p>Ao comprar, voc\u00ea tem acesso ao local de download do arquivo em PDF dispon\u00edvel aqui no site.<\/p>\n<p>Para baixar a receita ap\u00f3s comprar:<br \/>\n1. Entre na loja com seu cadastro.<br \/>\n2. Clique em Minha Conta no menu superior.<br \/>\n3. Clique em Download (3\u00aa op\u00e7\u00e3o no menu \u00e0 esquerda).<\/p>\n<p>Este produto \u00e9 digital, ap\u00f3s sua compra, <strong>n\u00e3o aceitamos trocas ou devolu\u00e7\u00f5es<\/strong>. Qualquer d\u00favida entre em contato por: loja@euamotrico.com.br<\/p>\n<p>\u2764<\/p>\n","protected":false},"excerpt":{"rendered":"<p>Aqui voc\u00ea encontra o PDF da receita escrita deste sapatinho no tric\u00f4 que fiz aos apoiadores do meu trabalho.<\/p>\n","protected":false},"featured_media":4275,"comment_status":"open","ping_status":"closed","template":"","meta":[],"class_list":["post-4274","product","type-product","status-publish","has-post-thumbnail","hentry","product_cat-acessorios","product_cat-receita-de-bebe","product_cat-receita-de-trico","product_cat-receitas-escritas","product_tag-receitas-escritas","product_tag-sapatinho"],"jetpack_sharing_enabled":true,"_links":{"self":[{"href":"https:\/\/euamotrico.com.br\/loja\/wp-json\/wp\/v2\/product\/4274","targetHints":{"allow":["GET"]}}],"collection":[{"href":"https:\/\/euamotrico.com.br\/loja\/wp-json\/wp\/v2\/product"}],"about":[{"href":"https:\/\/euamotrico.com.br\/loja\/wp-json\/wp\/v2\/types\/product"}],"replies":[{"embeddable":true,"href":"https:\/\/euamotrico.com.br\/loja\/wp-json\/wp\/v2\/comments?post=4274"}],"version-history":[{"count":1,"href":"https:\/\/euamotrico.com.br\/loja\/wp-json\/wp\/v2\/product\/4274\/revisions"}],"predecessor-version":[{"id":4278,"href":"https:\/\/euamotrico.com.br\/loja\/wp-json\/wp\/v2\/product\/4274\/revisions\/4278"}],"wp:featuredmedia":[{"embeddable":true,"href":"https:\/\/euamotrico.com.br\/loja\/wp-json\/wp\/v2\/media\/4275"}],"wp:attachment":[{"href":"https:\/\/euamotrico.com.br\/loja\/wp-json\/wp\/v2\/media?parent=4274"}],"curies":[{"name":"wp","href":"https:\/\/api.w.org\/{rel}","templated":true}]}}