{"id":4491,"date":"2021-08-31T14:29:33","date_gmt":"2021-08-31T14:29:33","guid":{"rendered":"https:\/\/euamotrico.com.br\/loja\/?post_type=product&#038;p=4491"},"modified":"2025-09-09T23:53:12","modified_gmt":"2025-09-09T23:53:12","slug":"top-kalanchoe","status":"publish","type":"product","link":"https:\/\/euamotrico.com.br\/loja\/produto\/top-kalanchoe\/","title":{"rendered":"Top No Tric\u00f4 Kalanchoe &#8211; Adulto G"},"content":{"rendered":"<p>Aqui voc\u00ea encontra o PDF desta receita. A receita escrita vem com a orienta\u00e7\u00e3o para um top para adulto (feito em agulhas retas). A receita inclui lista de substitui\u00e7\u00e3o do fio, amostra, medidas das partes da pe\u00e7a e carreiras descritas para a execu\u00e7\u00e3o da pe\u00e7a. \u00c9 uma pe\u00e7a para n\u00edvel iniciante no tric\u00f4 portanto conhecer os pontos b\u00e1sicos, la\u00e7o m\u00e1gico e t\u00e9cnica circular no tric\u00f4 facilitar a compreens\u00e3o da receita escrita. A pe\u00e7a \u00e9 feita em agulhas retas 5mm retas para o corpo e fios Charme e Cl\u00e9a 1000.<\/p>\n<p>Ao comprar, voc\u00ea tem acesso ao local de download do arquivo em PDF dispon\u00edvel aqui no site.<\/p>\n<p>Para baixar a receita ap\u00f3s comprar:<br \/>\n1. Entre na loja com seu cadastro.<br \/>\n2. Clique em Minha Conta no menu superior.<br \/>\n3. Clique em Download (3\u00aa op\u00e7\u00e3o no menu \u00e0 esquerda).<\/p>\n<p>Este produto \u00e9 digital, ap\u00f3s sua compra, <strong>n\u00e3o aceitamos trocas ou devolu\u00e7\u00f5es<\/strong>. Qualquer d\u00favida entre em contato por: loja@euamotrico.com.br<\/p>\n<p>\u2764<\/p>\n","protected":false},"excerpt":{"rendered":"<p>Aqui voc\u00ea encontra o PDF da receita escrita de um top no tric\u00f4. Se voc\u00ea \u00e9 membro do Jardim esta receita est\u00e1 dispon\u00edvel para voc\u00ea no pr\u00f3prio Jardim com v\u00eddeo do passo a passo carreira por carreira.<\/p>\n","protected":false},"featured_media":4492,"comment_status":"open","ping_status":"closed","template":"","meta":[],"class_list":["post-4491","product","type-product","status-publish","has-post-thumbnail","hentry","product_cat-pecas-para-adultos","product_cat-receita-de-trico","product_cat-receitas-escritas","product_tag-pecas-para-adultos","product_tag-receitas-escritas","product_tag-top","product_tag-verao"],"jetpack_sharing_enabled":true,"_links":{"self":[{"href":"https:\/\/euamotrico.com.br\/loja\/wp-json\/wp\/v2\/product\/4491","targetHints":{"allow":["GET"]}}],"collection":[{"href":"https:\/\/euamotrico.com.br\/loja\/wp-json\/wp\/v2\/product"}],"about":[{"href":"https:\/\/euamotrico.com.br\/loja\/wp-json\/wp\/v2\/types\/product"}],"replies":[{"embeddable":true,"href":"https:\/\/euamotrico.com.br\/loja\/wp-json\/wp\/v2\/comments?post=4491"}],"version-history":[{"count":1,"href":"https:\/\/euamotrico.com.br\/loja\/wp-json\/wp\/v2\/product\/4491\/revisions"}],"predecessor-version":[{"id":4495,"href":"https:\/\/euamotrico.com.br\/loja\/wp-json\/wp\/v2\/product\/4491\/revisions\/4495"}],"wp:featuredmedia":[{"embeddable":true,"href":"https:\/\/euamotrico.com.br\/loja\/wp-json\/wp\/v2\/media\/4492"}],"wp:attachment":[{"href":"https:\/\/euamotrico.com.br\/loja\/wp-json\/wp\/v2\/media?parent=4491"}],"curies":[{"name":"wp","href":"https:\/\/api.w.org\/{rel}","templated":true}]}}