{"id":4816,"date":"2022-07-18T20:19:38","date_gmt":"2022-07-18T20:19:38","guid":{"rendered":"https:\/\/euamotrico.com.br\/loja\/?post_type=product&#038;p=4816"},"modified":"2025-09-09T23:47:06","modified_gmt":"2025-09-09T23:47:06","slug":"blusao-curry-6meses","status":"publish","type":"product","link":"https:\/\/euamotrico.com.br\/loja\/produto\/blusao-curry-6meses\/","title":{"rendered":"Blus\u00e3o Curry Top Down de Beb\u00ea &#8211; 6 Meses #18"},"content":{"rendered":"<p>Aqui voc\u00ea encontra o PDF desta receita. A receita escrita vem com a orienta\u00e7\u00e3o para um blus\u00e3o masculino (feito de forma top down com agulhas circulares). A receita inclui materiais, lista de substitui\u00e7\u00e3o do fio, amostra, medidas e receita escrita carreira por carreira para facilitar a compreens\u00e3o. \u00c9 uma pe\u00e7a para n\u00edvel intermedi\u00e1rio no tric\u00f4 portanto conhecer os pontos b\u00e1sicos e t\u00e9cnicas no tric\u00f4 facilitam a compreens\u00e3o da receita escrita. A pe\u00e7a \u00e9 feita em agulhas 4.5mm e 5.0mm circulares (ou jogo de duas pontas).<\/p>\n<p>Ao comprar, voc\u00ea tem acesso ao local de download do arquivo em PDF dispon\u00edvel aqui no site.<\/p>\n<p>Para baixar a receita ap\u00f3s comprar:<br \/>\n1. Entre na loja com seu cadastro.<br \/>\n2. Clique em Minha Conta no menu superior.<br \/>\n3. Clique em Download (3\u00aa op\u00e7\u00e3o no menu \u00e0 esquerda).<\/p>\n<p>Este produto \u00e9 digital, ap\u00f3s sua compra, <strong>n\u00e3o aceitamos trocas ou devolu\u00e7\u00f5es<\/strong>. Qualquer d\u00favida entre em contato por: loja@euamotrico.com.br<\/p>\n<p>\u2764<\/p>\n","protected":false},"excerpt":{"rendered":"<p>Aqui voc\u00ea encontra o PDF desta receita. Se voc\u00ea \u00e9 membro do Jardim esta receita est\u00e1 dispon\u00edvel para voc\u00ea no pr\u00f3prio Jardim com v\u00eddeo do passo a passo carreira por carreira no tamanho 0-6 meses.<\/p>\n","protected":false},"featured_media":4817,"comment_status":"open","ping_status":"closed","template":"","meta":[],"class_list":["post-4816","product","type-product","status-publish","has-post-thumbnail","hentry","product_cat-receita-de-bebe","product_cat-receita-de-trico","product_cat-receitas-escritas","product_cat-top-down","product_tag-blusa","product_tag-pecas-para-bebes","product_tag-receitas-escritas"],"jetpack_sharing_enabled":true,"_links":{"self":[{"href":"https:\/\/euamotrico.com.br\/loja\/wp-json\/wp\/v2\/product\/4816","targetHints":{"allow":["GET"]}}],"collection":[{"href":"https:\/\/euamotrico.com.br\/loja\/wp-json\/wp\/v2\/product"}],"about":[{"href":"https:\/\/euamotrico.com.br\/loja\/wp-json\/wp\/v2\/types\/product"}],"replies":[{"embeddable":true,"href":"https:\/\/euamotrico.com.br\/loja\/wp-json\/wp\/v2\/comments?post=4816"}],"version-history":[{"count":4,"href":"https:\/\/euamotrico.com.br\/loja\/wp-json\/wp\/v2\/product\/4816\/revisions"}],"predecessor-version":[{"id":5072,"href":"https:\/\/euamotrico.com.br\/loja\/wp-json\/wp\/v2\/product\/4816\/revisions\/5072"}],"wp:featuredmedia":[{"embeddable":true,"href":"https:\/\/euamotrico.com.br\/loja\/wp-json\/wp\/v2\/media\/4817"}],"wp:attachment":[{"href":"https:\/\/euamotrico.com.br\/loja\/wp-json\/wp\/v2\/media?parent=4816"}],"curies":[{"name":"wp","href":"https:\/\/api.w.org\/{rel}","templated":true}]}}