{"id":4911,"date":"2022-08-19T14:44:47","date_gmt":"2022-08-19T14:44:47","guid":{"rendered":"https:\/\/euamotrico.com.br\/loja\/?post_type=product&#038;p=4911"},"modified":"2022-11-13T17:11:23","modified_gmt":"2022-11-13T17:11:23","slug":"caixinha-melao","status":"publish","type":"product","link":"https:\/\/euamotrico.com.br\/loja\/produto\/caixinha-melao\/","title":{"rendered":"Caixinha Mel\u00e3o + Acess\u00f3rios + Frete Gr\u00e1tis + Acesso ao Jardim por 2 Meses"},"content":{"rendered":"<p>Esta caixinha cont\u00e9m 3 novelos para tric\u00f4, 1 agulha de tape\u00e7aria de metal, 2 ponteiras de agulhas de m\u00e3os, um button, 1 tesoura de arremate 1 agulha de tric\u00f4 circular n\u00b0 6mm de 80cm. Ao comprar voc\u00ea ganha 2 meses de acesso ao Jardim para acessar todas as receitas e v\u00eddeos l\u00e1 dispon\u00edveis aos apoiadores. O frete desta caixinha \u00e9 gr\u00e1tis. N\u00e3o fazemos a venda para fora do Brasil. Frete gr\u00e1tis para o territ\u00f3rio brasileiro em entrega PAC rastre\u00e1vel.<\/p>\n<p><strong>1 novelos de Classic Pull Maxi\u00a0 R$29,99<\/strong><\/p>\n<p>Composi\u00e7\u00e3o: 100% Acr\u00edlico<br \/>\nFio: 909 tex | 200 g | 220 m<br \/>\nAgulha croch\u00ea: 6.0 mm a 8.0 mm<br \/>\nAgulhas tric\u00f4: 7.0 mm a 9.0 mm<br \/>\nMalha de Rendimento: 30 cm x 124 cm \u2013 Ag. Tric\u00f4 6.0 mm<\/p>\n<p><strong>1 novelo de Ternura\u00a0 R$19,99<\/strong><\/p>\n<p>Fio: 434 Tex<br \/>\nComposi\u00e7\u00e3o: 100% Poli\u00e9ster<br \/>\nComprimento e Peso: 230m e 100g<br \/>\nAgulhas Para Croch\u00ea: 3,0mm a 5,0mm<br \/>\nAgulhas Para Tric\u00f4: 5,5mm a 7,0mm<br \/>\nMalha de Rendimento: 30 cm x 53 cm \u2013 Ag. Tric\u00f4 6.0 mm<\/p>\n<p><strong>1 novelo de Diamante Baby R$19,99<\/strong><\/p>\n<p>Fio 285 TEX<br \/>\nComposi\u00e7\u00e3o: 100% Acr\u00edlico<br \/>\nComprimento e Peso: 350 m e 100 g<br \/>\nAgulhas Para Croch\u00ea: 2,5 mm a 4,0 mm<br \/>\nAgulhas Para Tric\u00f4: 3,5 mm a 5,0 mm<br \/>\nMalha de Rendimento: 30 cm x 107 cm \u2013 Ag. Tric\u00f4 3,5 mm<\/p>\n<p><strong>1 agulha de tape\u00e7aria de metal R$1,00<\/strong><\/p>\n<p><strong>2 ponteiras protetoras de agulhas R$5,00<\/strong><\/p>\n<p><strong>1 tesoura de arremate R$6,50<\/strong><\/p>\n<p><strong>1 agulha de tric\u00f4 circular de 6mm de 80 cm R$25,00<\/strong><\/p>\n<p><strong>1 Button do site R$5,00<\/strong><\/p>\n","protected":false},"excerpt":{"rendered":"<p>Esta caixinha cont\u00e9m 3 novelos para tric\u00f4, 1 agulha de tape\u00e7aria de metal, 2 ponteiras de agulhas de m\u00e3os, um button, 1 tesoura de arremate 1 agulha de tric\u00f4 circular n\u00b0 6mm de 80cm. Ao comprar voc\u00ea ganha 2 meses de acesso ao Jardim para acessar todas as receitas e v\u00eddeos l\u00e1 dispon\u00edveis aos apoiadores. &hellip;<\/p>\n<p class=\"read-more\"> <a class=\"\" href=\"https:\/\/euamotrico.com.br\/loja\/produto\/caixinha-melao\/\"> <span class=\"screen-reader-text\">Caixinha Mel\u00e3o + Acess\u00f3rios + Frete Gr\u00e1tis + Acesso ao Jardim por 2 Meses<\/span> Leia mais &raquo;<\/a><\/p>\n","protected":false},"featured_media":4912,"comment_status":"open","ping_status":"closed","template":"","meta":[],"class_list":["post-4911","product","type-product","status-publish","has-post-thumbnail","hentry","product_cat-caixinha","product_tag-caixinha"],"jetpack_sharing_enabled":true,"_links":{"self":[{"href":"https:\/\/euamotrico.com.br\/loja\/wp-json\/wp\/v2\/product\/4911","targetHints":{"allow":["GET"]}}],"collection":[{"href":"https:\/\/euamotrico.com.br\/loja\/wp-json\/wp\/v2\/product"}],"about":[{"href":"https:\/\/euamotrico.com.br\/loja\/wp-json\/wp\/v2\/types\/product"}],"replies":[{"embeddable":true,"href":"https:\/\/euamotrico.com.br\/loja\/wp-json\/wp\/v2\/comments?post=4911"}],"version-history":[{"count":1,"href":"https:\/\/euamotrico.com.br\/loja\/wp-json\/wp\/v2\/product\/4911\/revisions"}],"predecessor-version":[{"id":4913,"href":"https:\/\/euamotrico.com.br\/loja\/wp-json\/wp\/v2\/product\/4911\/revisions\/4913"}],"wp:featuredmedia":[{"embeddable":true,"href":"https:\/\/euamotrico.com.br\/loja\/wp-json\/wp\/v2\/media\/4912"}],"wp:attachment":[{"href":"https:\/\/euamotrico.com.br\/loja\/wp-json\/wp\/v2\/media?parent=4911"}],"curies":[{"name":"wp","href":"https:\/\/api.w.org\/{rel}","templated":true}]}}