{"id":4945,"date":"2022-09-29T12:51:39","date_gmt":"2022-09-29T12:51:39","guid":{"rendered":"https:\/\/euamotrico.com.br\/loja\/?post_type=product&#038;p=4945"},"modified":"2025-09-09T23:45:37","modified_gmt":"2025-09-09T23:45:37","slug":"blusa-cropped-anne-brilho","status":"publish","type":"product","link":"https:\/\/euamotrico.com.br\/loja\/produto\/blusa-cropped-anne-brilho\/","title":{"rendered":"Blusa Cropped Anne Brilho &#8211; Adulto #22"},"content":{"rendered":"<p>Aqui voc\u00ea encontra o PDF desta receita carreira por carreira, com lista de materiais que usei,\u00a0 amostra, medidas da pe\u00e7a, indica\u00e7\u00e3o de montagem do corpo para P, M, G, GG, foto e receita escrita para execu\u00e7\u00e3o desta pe\u00e7a&#8230; A receita escrita vem com a orienta\u00e7\u00e3o para um cropped para adulto tamanho 42 (feito em agulhas retas). \u00c9 uma pe\u00e7a para n\u00edvel iniciante no tric\u00f4 portanto conhecer os pontos b\u00e1sicos no tric\u00f4 facilitar a compreens\u00e3o da receita escrita.<\/p>\n<p>Ao comprar, voc\u00ea tem acesso ao local de download do arquivo em PDF dispon\u00edvel aqui no site.<\/p>\n<p>Para baixar a receita ap\u00f3s comprar:<br \/>\n1. Entre na loja com seu cadastro.<br \/>\n2. Clique em Minha Conta no menu superior.<br \/>\n3. Clique em Download (3\u00aa op\u00e7\u00e3o no menu \u00e0 esquerda).<\/p>\n<p>Este produto \u00e9 digital, ap\u00f3s sua compra, <strong>n\u00e3o aceitamos trocas ou devolu\u00e7\u00f5es<\/strong>. Qualquer d\u00favida entre em contato por: loja@euamotrico.com.br<\/p>\n<p>\u2764<\/p>\n","protected":false},"excerpt":{"rendered":"<p>Aqui voc\u00ea encontra o PDF da receita escrita de um cropped no tric\u00f4. Se voc\u00ea \u00e9 membro do Jardim esta receita est\u00e1 dispon\u00edvel para voc\u00ea no pr\u00f3prio Jardim com v\u00eddeo do passo a passo carreira por carreira.<\/p>\n","protected":false},"featured_media":4946,"comment_status":"open","ping_status":"closed","template":"","meta":[],"class_list":["post-4945","product","type-product","status-publish","has-post-thumbnail","hentry","product_cat-pecas-para-adultos","product_cat-receita-de-trico","product_cat-receitas-escritas","product_tag-blusa","product_tag-pecas-para-adultos","product_tag-receitas-escritas","product_tag-verao"],"jetpack_sharing_enabled":true,"_links":{"self":[{"href":"https:\/\/euamotrico.com.br\/loja\/wp-json\/wp\/v2\/product\/4945","targetHints":{"allow":["GET"]}}],"collection":[{"href":"https:\/\/euamotrico.com.br\/loja\/wp-json\/wp\/v2\/product"}],"about":[{"href":"https:\/\/euamotrico.com.br\/loja\/wp-json\/wp\/v2\/types\/product"}],"replies":[{"embeddable":true,"href":"https:\/\/euamotrico.com.br\/loja\/wp-json\/wp\/v2\/comments?post=4945"}],"version-history":[{"count":2,"href":"https:\/\/euamotrico.com.br\/loja\/wp-json\/wp\/v2\/product\/4945\/revisions"}],"predecessor-version":[{"id":5062,"href":"https:\/\/euamotrico.com.br\/loja\/wp-json\/wp\/v2\/product\/4945\/revisions\/5062"}],"wp:featuredmedia":[{"embeddable":true,"href":"https:\/\/euamotrico.com.br\/loja\/wp-json\/wp\/v2\/media\/4946"}],"wp:attachment":[{"href":"https:\/\/euamotrico.com.br\/loja\/wp-json\/wp\/v2\/media?parent=4945"}],"curies":[{"name":"wp","href":"https:\/\/api.w.org\/{rel}","templated":true}]}}