{"id":4961,"date":"2022-10-05T18:51:46","date_gmt":"2022-10-05T18:51:46","guid":{"rendered":"https:\/\/euamotrico.com.br\/loja\/?post_type=product&#038;p=4961"},"modified":"2022-11-13T17:11:23","modified_gmt":"2022-11-13T17:11:23","slug":"caixinha-dalmata-acessorios-frete-gratis-acesso-ao-jardim-por-2-meses-copia","status":"publish","type":"product","link":"https:\/\/euamotrico.com.br\/loja\/produto\/caixinha-dalmata-acessorios-frete-gratis-acesso-ao-jardim-por-2-meses-copia\/","title":{"rendered":"Caixinha Dalmatas + Acess\u00f3rios + Frete Gr\u00e1tis + Acesso ao Jardim por 2 Meses"},"content":{"rendered":"<p>Esta caixinha cont\u00e9m 3 novelos para tric\u00f4, 1 agulha de tape\u00e7aria de pl\u00e1stico, 2 ponteiras de agulhas de m\u00e3os, 1 tesoura de arremate, 1 agulha de tran\u00e7a de metal, 1 agulha de tric\u00f4 circular de 80cm n\u00b0 5 mm, 1 button e 1 folheto de receita. Ao comprar voc\u00ea ganha 2 meses de acesso ao Jardim para acessar todas as receitas e v\u00eddeos l\u00e1 dispon\u00edveis aos apoiadores. O frete desta caixinha \u00e9 gr\u00e1tis. N\u00e3o fazemos a venda para fora do Brasil. Frete gr\u00e1tis para o territ\u00f3rio brasileiro em entrega por transportadora (JadLog).<\/p>\n<p><strong>1 novelo de Magic Pull\u00a0 R$37,50<\/strong><\/p>\n<p>Fio: 653 Tex<br \/>\nComposi\u00e7\u00e3o: 100% Acr\u00edlico<br \/>\nComprimento e Peso: 306m e 200g<br \/>\nAgulhas Para Croch\u00ea: 4,0mm a 6,0mm<br \/>\nAgulhas Para Tric\u00f4: 6,0mm a 8,0mm<br \/>\nMalha de Rendimento: 30 cm x 140 cm \u2013 Ag. Tric\u00f4 7.0 mm<\/p>\n<p><strong>2 novelos de Confete\u00a0 R$43,78<\/strong><\/p>\n<p>Fio: 476 Tex<br \/>\nComposi\u00e7\u00e3o: 95% Acr\u00edlico \/ 5% Viscose<br \/>\nComprimento e Peso: 210m e 100g<br \/>\nAgulhas Para Croch\u00ea: 3,0mm a 5,0mm<br \/>\nAgulhas Para Tric\u00f4: 4,0mm a 6,0mm<br \/>\nMalha de Rendimento: 30 cm x 80 cm &#8211; Ag. Tric\u00f4 5,5 mm<\/p>\n<p><strong>1 agulha de tape\u00e7aria de pl\u00e1stico R$2,00<\/strong><\/p>\n<p><strong>1 agulha de tran\u00e7a de metal R$4,00<\/strong><\/p>\n<p><strong>2 ponteiras protetoras de agulhas R$5,00<\/strong><\/p>\n<p><strong>1 tesoura de arremate R$6,50<\/strong><\/p>\n<p><strong>1 agulha de tric\u00f4 circular de 5mm e 80 cm R$25,00<\/strong><\/p>\n<p><strong>1 button do site R$5,00<\/strong><\/p>\n<p><strong>1 folheto com receita (brinde)<\/strong><\/p>\n<p><strong>2 meses de acesso ao Jardim R$15,98<\/strong><\/p>\n<p><strong>FRETE GR\u00c1TIS<\/strong><\/p>\n","protected":false},"excerpt":{"rendered":"<p>Esta caixinha cont\u00e9m 3 novelos para tric\u00f4, 1 agulha de tape\u00e7aria de pl\u00e1stico, 2 ponteiras de agulhas de m\u00e3os, 1 tesoura de arremate, 1 agulha de tran\u00e7a de metal, 1 agulha de tric\u00f4 circular de 80cm n\u00b0 5 mm, 1 button e 1 folheto de receita. Ao comprar voc\u00ea ganha 2 meses de acesso ao &hellip;<\/p>\n<p class=\"read-more\"> <a class=\"\" href=\"https:\/\/euamotrico.com.br\/loja\/produto\/caixinha-dalmata-acessorios-frete-gratis-acesso-ao-jardim-por-2-meses-copia\/\"> <span class=\"screen-reader-text\">Caixinha Dalmatas + Acess\u00f3rios + Frete Gr\u00e1tis + Acesso ao Jardim por 2 Meses<\/span> Leia mais &raquo;<\/a><\/p>\n","protected":false},"featured_media":4963,"comment_status":"open","ping_status":"closed","template":"","meta":[],"class_list":["post-4961","product","type-product","status-publish","has-post-thumbnail","hentry","product_cat-caixinha","product_tag-caixinha"],"jetpack_sharing_enabled":true,"_links":{"self":[{"href":"https:\/\/euamotrico.com.br\/loja\/wp-json\/wp\/v2\/product\/4961","targetHints":{"allow":["GET"]}}],"collection":[{"href":"https:\/\/euamotrico.com.br\/loja\/wp-json\/wp\/v2\/product"}],"about":[{"href":"https:\/\/euamotrico.com.br\/loja\/wp-json\/wp\/v2\/types\/product"}],"replies":[{"embeddable":true,"href":"https:\/\/euamotrico.com.br\/loja\/wp-json\/wp\/v2\/comments?post=4961"}],"version-history":[{"count":2,"href":"https:\/\/euamotrico.com.br\/loja\/wp-json\/wp\/v2\/product\/4961\/revisions"}],"predecessor-version":[{"id":4969,"href":"https:\/\/euamotrico.com.br\/loja\/wp-json\/wp\/v2\/product\/4961\/revisions\/4969"}],"wp:featuredmedia":[{"embeddable":true,"href":"https:\/\/euamotrico.com.br\/loja\/wp-json\/wp\/v2\/media\/4963"}],"wp:attachment":[{"href":"https:\/\/euamotrico.com.br\/loja\/wp-json\/wp\/v2\/media?parent=4961"}],"curies":[{"name":"wp","href":"https:\/\/api.w.org\/{rel}","templated":true}]}}