{"id":4965,"date":"2022-10-05T19:10:18","date_gmt":"2022-10-05T19:10:18","guid":{"rendered":"https:\/\/euamotrico.com.br\/loja\/?post_type=product&#038;p=4965"},"modified":"2023-07-18T04:08:21","modified_gmt":"2023-07-18T04:08:21","slug":"caixinha-cafes-acessorios-frete-gratis-acesso-ao-jardim-por-2-meses","status":"publish","type":"product","link":"https:\/\/euamotrico.com.br\/loja\/produto\/caixinha-cafes-acessorios-frete-gratis-acesso-ao-jardim-por-2-meses\/","title":{"rendered":"Caixinha Caf\u00e9 + Acess\u00f3rios + Frete Gr\u00e1tis + Acesso ao Jardim por 2 Meses"},"content":{"rendered":"<p>Esta caixinha cont\u00e9m 4 novelos para tric\u00f4, 1 agulha de tape\u00e7aria de pl\u00e1stico, 2 ponteiras de agulhas de m\u00e3os, 1 tesoura de arremate, 1 agulha de tran\u00e7a de metal, 1 agulha de tric\u00f4 circular de 80cm n\u00b0 6 mm, 1 button e 1 folheto de receita. Ao comprar voc\u00ea ganha 2 meses de acesso ao Jardim para acessar todas as receitas e v\u00eddeos l\u00e1 dispon\u00edveis aos apoiadores. O frete desta caixinha \u00e9 gr\u00e1tis. N\u00e3o fazemos a venda para fora do Brasil. Frete gr\u00e1tis para o territ\u00f3rio brasileiro em entrega por transportadora (JadLog).<\/p>\n<p><strong>3 novelos de Java\u00a0 R$56,97<\/strong><\/p>\n<p>Composi\u00e7\u00e3o: 100% ACRILICO<br \/>\nPeso: 100g<br \/>\nMetragem: 120m<br \/>\nAgulha croch\u00ea: 4.00 a 6.00mm<br \/>\nAgulha tric\u00f4: 5.5 a 8.00mm<br \/>\nFio: 833 TEX<br \/>\nMalha de Rendimento: 30 cm x 50 cm &#8211; Ag. Tric\u00f4 7.0 mm<\/p>\n<p><strong>1 novelo de Cosmos\u00a0 R$19,99<\/strong><\/p>\n<p>Composi\u00e7\u00e3o: 75% Viscose \/ 25% Poli\u00e9ster<br \/>\nFio: 625 tex | 100 g | 160 m<br \/>\nAgulha croch\u00ea: 2.5 mm a 4.5 mm<br \/>\nAgulhas tric\u00f4: 3.0 mm a 5.0 mm<br \/>\nMalha de Rendimento: 30 cm x 47 cm &#8211; Ag. Tric\u00f4 4,5 mm<\/p>\n<p><strong>1 agulha de tape\u00e7aria de pl\u00e1stico R$2,00<\/strong><\/p>\n<p><strong>1 agulha de tran\u00e7a de metal R$4,00<\/strong><\/p>\n<p><strong>2 ponteiras protetoras de agulhas R$5,00<\/strong><\/p>\n<p><strong>1 tesoura de arremate R$6,50<\/strong><\/p>\n<p><strong>1 agulha de tric\u00f4 circular de 6mm e 80 cm R$25,00<\/strong><\/p>\n<p><strong>1 button do site R$5,00<\/strong><\/p>\n<p><strong>1 folheto com receita (brinde)<\/strong><\/p>\n<p><strong>2 meses de acesso ao Jardim R$15,98<\/strong><\/p>\n<p><strong>FRETE GR\u00c1TIS<\/strong><\/p>\n","protected":false},"excerpt":{"rendered":"<p>Esta caixinha cont\u00e9m 4 novelos para tric\u00f4, 1 agulha de tape\u00e7aria de pl\u00e1stico, 2 ponteiras de agulhas de m\u00e3os, 1 tesoura de arremate, 1 agulha de tran\u00e7a de metal, 1 agulha de tric\u00f4 circular de 80cm n\u00b0 6 mm, 1 button e 1 folheto de receita. Ao comprar voc\u00ea ganha 2 meses de acesso ao &hellip;<\/p>\n<p class=\"read-more\"> <a class=\"\" href=\"https:\/\/euamotrico.com.br\/loja\/produto\/caixinha-cafes-acessorios-frete-gratis-acesso-ao-jardim-por-2-meses\/\"> <span class=\"screen-reader-text\">Caixinha Caf\u00e9 + Acess\u00f3rios + Frete Gr\u00e1tis + Acesso ao Jardim por 2 Meses<\/span> Leia mais &raquo;<\/a><\/p>\n","protected":false},"featured_media":4966,"comment_status":"open","ping_status":"closed","template":"","meta":[],"class_list":["post-4965","product","type-product","status-publish","has-post-thumbnail","hentry","product_cat-caixinha","product_tag-caixinha"],"jetpack_sharing_enabled":true,"_links":{"self":[{"href":"https:\/\/euamotrico.com.br\/loja\/wp-json\/wp\/v2\/product\/4965","targetHints":{"allow":["GET"]}}],"collection":[{"href":"https:\/\/euamotrico.com.br\/loja\/wp-json\/wp\/v2\/product"}],"about":[{"href":"https:\/\/euamotrico.com.br\/loja\/wp-json\/wp\/v2\/types\/product"}],"replies":[{"embeddable":true,"href":"https:\/\/euamotrico.com.br\/loja\/wp-json\/wp\/v2\/comments?post=4965"}],"version-history":[{"count":2,"href":"https:\/\/euamotrico.com.br\/loja\/wp-json\/wp\/v2\/product\/4965\/revisions"}],"predecessor-version":[{"id":4968,"href":"https:\/\/euamotrico.com.br\/loja\/wp-json\/wp\/v2\/product\/4965\/revisions\/4968"}],"wp:featuredmedia":[{"embeddable":true,"href":"https:\/\/euamotrico.com.br\/loja\/wp-json\/wp\/v2\/media\/4966"}],"wp:attachment":[{"href":"https:\/\/euamotrico.com.br\/loja\/wp-json\/wp\/v2\/media?parent=4965"}],"curies":[{"name":"wp","href":"https:\/\/api.w.org\/{rel}","templated":true}]}}