{"id":5011,"date":"2023-01-11T16:09:36","date_gmt":"2023-01-11T16:09:36","guid":{"rendered":"https:\/\/euamotrico.com.br\/loja\/?post_type=product&#038;p=5011"},"modified":"2025-09-09T23:44:51","modified_gmt":"2025-09-09T23:44:51","slug":"colete-rosa-delicado-adulto","status":"publish","type":"product","link":"https:\/\/euamotrico.com.br\/loja\/produto\/colete-rosa-delicado-adulto\/","title":{"rendered":"Colete Rosa Delicado Tran\u00e7ado &#8211; Adulto #24"},"content":{"rendered":"<p>Aqui voc\u00ea encontra o PDF desta receita. A receita escrita vem com a orienta\u00e7\u00e3o para um colete tran\u00e7ado para adulto. A receita inclui lista de materiais, lista de susbtitui\u00e7\u00e3o do fio, medidas finais em um desenho, amostra e carreiras descritas para a execu\u00e7\u00e3o da pe\u00e7a (o ponto est\u00e1 descrito carreira por carreira, colorido para facilitar a compreens\u00e3o). \u00c9 uma pe\u00e7a para n\u00edvel intermedi\u00e1rio no tric\u00f4 portanto conhecer os pontos b\u00e1sicos no tric\u00f4 facilita a compreens\u00e3o da receita escrita. A pe\u00e7a \u00e9 feita em agulhas retas n\u00b0 6mm e a gola \u00e9 feita de forma circular.<\/p>\n<p>Ao comprar, voc\u00ea tem acesso ao local de download do arquivo em PDF dispon\u00edvel aqui no site.<\/p>\n<p>Para baixar a receita ap\u00f3s comprar:<br \/>\n1. Entre na loja com seu cadastro.<br \/>\n2. Clique em Minha Conta no menu superior.<br \/>\n3. Clique em Download (3\u00aa op\u00e7\u00e3o no menu \u00e0 esquerda).<\/p>\n<p>Este produto \u00e9 digital, ap\u00f3s sua compra, <strong>n\u00e3o aceitamos trocas ou devolu\u00e7\u00f5es<\/strong>. Qualquer d\u00favida entre em contato por: loja@euamotrico.com.br<\/p>\n<p>\u2764<\/p>\n","protected":false},"excerpt":{"rendered":"<p>Aqui voc\u00ea encontra o PDF da receita escrita do Colete Rosa Delicado Tran\u00e7ado. Se voc\u00ea \u00e9 membro do Jardim esta receita est\u00e1 dispon\u00edvel para voc\u00ea no pr\u00f3prio Jardim com v\u00eddeo do passo a passo carreira por carreira.<\/p>\n","protected":false},"featured_media":5012,"comment_status":"open","ping_status":"closed","template":"","meta":[],"class_list":["post-5011","product","type-product","status-publish","has-post-thumbnail","hentry","product_cat-pecas-para-adultos","product_cat-receitas-escritas","product_tag-colete","product_tag-pecas-para-adultos","product_tag-receitas-escritas"],"jetpack_sharing_enabled":true,"_links":{"self":[{"href":"https:\/\/euamotrico.com.br\/loja\/wp-json\/wp\/v2\/product\/5011","targetHints":{"allow":["GET"]}}],"collection":[{"href":"https:\/\/euamotrico.com.br\/loja\/wp-json\/wp\/v2\/product"}],"about":[{"href":"https:\/\/euamotrico.com.br\/loja\/wp-json\/wp\/v2\/types\/product"}],"replies":[{"embeddable":true,"href":"https:\/\/euamotrico.com.br\/loja\/wp-json\/wp\/v2\/comments?post=5011"}],"version-history":[{"count":2,"href":"https:\/\/euamotrico.com.br\/loja\/wp-json\/wp\/v2\/product\/5011\/revisions"}],"predecessor-version":[{"id":5059,"href":"https:\/\/euamotrico.com.br\/loja\/wp-json\/wp\/v2\/product\/5011\/revisions\/5059"}],"wp:featuredmedia":[{"embeddable":true,"href":"https:\/\/euamotrico.com.br\/loja\/wp-json\/wp\/v2\/media\/5012"}],"wp:attachment":[{"href":"https:\/\/euamotrico.com.br\/loja\/wp-json\/wp\/v2\/media?parent=5011"}],"curies":[{"name":"wp","href":"https:\/\/api.w.org\/{rel}","templated":true}]}}