{"id":5098,"date":"2023-05-23T12:53:15","date_gmt":"2023-05-23T12:53:15","guid":{"rendered":"https:\/\/euamotrico.com.br\/loja\/?post_type=product&#038;p=5098"},"modified":"2025-09-09T23:42:15","modified_gmt":"2025-09-09T23:42:15","slug":"flor-amor-perfeito-no-trico","status":"publish","type":"product","link":"https:\/\/euamotrico.com.br\/loja\/produto\/flor-amor-perfeito-no-trico\/","title":{"rendered":"Flor Amor Perfeito de Tric\u00f4"},"content":{"rendered":"<p>Aqui voc\u00ea encontra o PDF desta receita. A receita escrita vem com a orienta\u00e7\u00e3o para uma flor amor-perfeito (feito em agulhas retas). A receita inclui lista de materiais, foto, medidas e carreiras descritas uma por uma para a execu\u00e7\u00e3o da pe\u00e7a (n\u00e3o tem gr\u00e1fico do ponto, ele \u00e9 descrito carreira por carreira). \u00c9 uma pe\u00e7a para n\u00edvel iniciante no tric\u00f4 portanto conhecer os pontos b\u00e1sicos no tric\u00f4 facilita a compreens\u00e3o da receita escrita. A pe\u00e7a \u00e9 feita em agulhas 5mm e L\u00e3 Seda.<\/p>\n<p>Ao comprar, voc\u00ea tem acesso ao local de download do arquivo em PDF dispon\u00edvel aqui no site.<\/p>\n<p>Para baixar a receita ap\u00f3s comprar:<br \/>\n1. Entre na loja com seu cadastro.<br \/>\n2. Clique em Minha Conta no menu superior.<br \/>\n3. Clique em Download (3\u00aa op\u00e7\u00e3o no menu \u00e0 esquerda).<\/p>\n<p>Este produto \u00e9 digital, ap\u00f3s sua compra, <strong>n\u00e3o aceitamos trocas ou devolu\u00e7\u00f5es<\/strong>. Qualquer d\u00favida entre em contato por: loja@euamotrico.com.br<\/p>\n<p>\u2764<\/p>\n","protected":false},"excerpt":{"rendered":"<p>Aqui voc\u00ea encontra o PDF da receita escrita da flor amor-perfeito. Se voc\u00ea \u00e9 membro do Jardim esta receita est\u00e1 dispon\u00edvel para voc\u00ea no pr\u00f3prio Jardim com v\u00eddeo do passo a passo carreira por carreira.<\/p>\n","protected":false},"featured_media":5099,"comment_status":"open","ping_status":"closed","template":"","meta":[],"class_list":["post-5098","product","type-product","status-publish","has-post-thumbnail","hentry","product_cat-acessorios","product_cat-receita-de-trico","product_cat-receitas-escritas","product_tag-acessorio","product_tag-diversas","product_tag-receitas-escritas"],"jetpack_sharing_enabled":true,"_links":{"self":[{"href":"https:\/\/euamotrico.com.br\/loja\/wp-json\/wp\/v2\/product\/5098","targetHints":{"allow":["GET"]}}],"collection":[{"href":"https:\/\/euamotrico.com.br\/loja\/wp-json\/wp\/v2\/product"}],"about":[{"href":"https:\/\/euamotrico.com.br\/loja\/wp-json\/wp\/v2\/types\/product"}],"replies":[{"embeddable":true,"href":"https:\/\/euamotrico.com.br\/loja\/wp-json\/wp\/v2\/comments?post=5098"}],"version-history":[{"count":1,"href":"https:\/\/euamotrico.com.br\/loja\/wp-json\/wp\/v2\/product\/5098\/revisions"}],"predecessor-version":[{"id":5101,"href":"https:\/\/euamotrico.com.br\/loja\/wp-json\/wp\/v2\/product\/5098\/revisions\/5101"}],"wp:featuredmedia":[{"embeddable":true,"href":"https:\/\/euamotrico.com.br\/loja\/wp-json\/wp\/v2\/media\/5099"}],"wp:attachment":[{"href":"https:\/\/euamotrico.com.br\/loja\/wp-json\/wp\/v2\/media?parent=5098"}],"curies":[{"name":"wp","href":"https:\/\/api.w.org\/{rel}","templated":true}]}}