{"id":5131,"date":"2023-06-06T18:44:43","date_gmt":"2023-06-06T18:44:43","guid":{"rendered":"https:\/\/euamotrico.com.br\/loja\/?post_type=product&#038;p=5131"},"modified":"2024-01-30T12:30:53","modified_gmt":"2024-01-30T12:30:53","slug":"fio-nuvem-cor-8259-muralha","status":"publish","type":"product","link":"https:\/\/euamotrico.com.br\/loja\/produto\/fio-nuvem-cor-8259-muralha\/","title":{"rendered":"Fio Nuvem cor 8259 &#8211; Muralha"},"content":{"rendered":"<h2 class=\"produto-detalhe__subtitulo\">DADOS T\u00c9CNICOS<\/h2>\n<div class=\"produto-detalhe__conteudo\">\n<p>Fio 417 tex | Composi\u00e7\u00e3o 100% Acr\u00edlico |<\/p>\n<p>Agulhas para croch\u00ea 3,0 mm a 5,0 mm | Agulhas para tric\u00f4 4,0 mm a 5,5 mm<\/p>\n<p>Malha de Rendimento: 30 cm x 82 cm \u2013 Ag. Tric\u00f4 5,5mm<\/p>\n<p>Quantidade de cores: 14<\/p>\n<p>Comprimento e Peso: 240 m e 100 g<\/p>\n<\/div>\n","protected":false},"excerpt":{"rendered":"<p>DADOS T\u00c9CNICOS Fio 417 tex | Composi\u00e7\u00e3o 100% Acr\u00edlico | Agulhas para croch\u00ea 3,0 mm a 5,0 mm | Agulhas para tric\u00f4 4,0 mm a 5,5 mm Malha de Rendimento: 30 cm x 82 cm \u2013 Ag. Tric\u00f4 5,5mm Quantidade de cores: 14 Comprimento e Peso: 240 m e 100 g<\/p>\n","protected":false},"featured_media":5665,"comment_status":"open","ping_status":"closed","template":"","meta":[],"class_list":["post-5131","product","type-product","status-publish","has-post-thumbnail","hentry","product_cat-novelo","product_tag-novelo"],"jetpack_sharing_enabled":true,"_links":{"self":[{"href":"https:\/\/euamotrico.com.br\/loja\/wp-json\/wp\/v2\/product\/5131","targetHints":{"allow":["GET"]}}],"collection":[{"href":"https:\/\/euamotrico.com.br\/loja\/wp-json\/wp\/v2\/product"}],"about":[{"href":"https:\/\/euamotrico.com.br\/loja\/wp-json\/wp\/v2\/types\/product"}],"replies":[{"embeddable":true,"href":"https:\/\/euamotrico.com.br\/loja\/wp-json\/wp\/v2\/comments?post=5131"}],"version-history":[{"count":2,"href":"https:\/\/euamotrico.com.br\/loja\/wp-json\/wp\/v2\/product\/5131\/revisions"}],"predecessor-version":[{"id":5664,"href":"https:\/\/euamotrico.com.br\/loja\/wp-json\/wp\/v2\/product\/5131\/revisions\/5664"}],"wp:featuredmedia":[{"embeddable":true,"href":"https:\/\/euamotrico.com.br\/loja\/wp-json\/wp\/v2\/media\/5665"}],"wp:attachment":[{"href":"https:\/\/euamotrico.com.br\/loja\/wp-json\/wp\/v2\/media?parent=5131"}],"curies":[{"name":"wp","href":"https:\/\/api.w.org\/{rel}","templated":true}]}}