{"id":5156,"date":"2023-06-06T19:18:07","date_gmt":"2023-06-06T19:18:07","guid":{"rendered":"https:\/\/euamotrico.com.br\/loja\/?post_type=product&#038;p=5156"},"modified":"2024-01-30T12:30:39","modified_gmt":"2024-01-30T12:30:39","slug":"fio-luar-cor-1733-quentao","status":"publish","type":"product","link":"https:\/\/euamotrico.com.br\/loja\/produto\/fio-luar-cor-1733-quentao\/","title":{"rendered":"Fio Luar cor 1733 &#8211; Quent\u00e3o"},"content":{"rendered":"<h2 class=\"produto-detalhe__subtitulo\">DADOS T\u00c9CNICOS<\/h2>\n<div class=\"produto-detalhe__conteudo\">\n<p>Composi\u00e7\u00e3o: 100% Acr\u00edlico<\/p>\n<p>Fio: 645 tex | 100 g | 155 m<\/p>\n<p>Agulha croch\u00ea: 3.5 mm a 5.0 mm<\/p>\n<p>Agulhas tric\u00f4: 5.0 mm a 7.0 mm<\/p>\n<p>Quantidade de Cores: 20<\/p>\n<p>Malha de Rendimento: 30 cm x 45 cm &#8211; Ag. Tric\u00f4 5.0 mm<\/p>\n<\/div>\n","protected":false},"excerpt":{"rendered":"<p>DADOS T\u00c9CNICOS Composi\u00e7\u00e3o: 100% Acr\u00edlico Fio: 645 tex | 100 g | 155 m Agulha croch\u00ea: 3.5 mm a 5.0 mm Agulhas tric\u00f4: 5.0 mm a 7.0 mm Quantidade de Cores: 20 Malha de Rendimento: 30 cm x 45 cm &#8211; Ag. Tric\u00f4 5.0 mm<\/p>\n","protected":false},"featured_media":5157,"comment_status":"open","ping_status":"closed","template":"","meta":[],"class_list":["post-5156","product","type-product","status-publish","has-post-thumbnail","hentry","product_cat-novelo","product_tag-novelo"],"jetpack_sharing_enabled":true,"_links":{"self":[{"href":"https:\/\/euamotrico.com.br\/loja\/wp-json\/wp\/v2\/product\/5156","targetHints":{"allow":["GET"]}}],"collection":[{"href":"https:\/\/euamotrico.com.br\/loja\/wp-json\/wp\/v2\/product"}],"about":[{"href":"https:\/\/euamotrico.com.br\/loja\/wp-json\/wp\/v2\/types\/product"}],"replies":[{"embeddable":true,"href":"https:\/\/euamotrico.com.br\/loja\/wp-json\/wp\/v2\/comments?post=5156"}],"version-history":[{"count":2,"href":"https:\/\/euamotrico.com.br\/loja\/wp-json\/wp\/v2\/product\/5156\/revisions"}],"predecessor-version":[{"id":5159,"href":"https:\/\/euamotrico.com.br\/loja\/wp-json\/wp\/v2\/product\/5156\/revisions\/5159"}],"wp:featuredmedia":[{"embeddable":true,"href":"https:\/\/euamotrico.com.br\/loja\/wp-json\/wp\/v2\/media\/5157"}],"wp:attachment":[{"href":"https:\/\/euamotrico.com.br\/loja\/wp-json\/wp\/v2\/media?parent=5156"}],"curies":[{"name":"wp","href":"https:\/\/api.w.org\/{rel}","templated":true}]}}