{"id":5160,"date":"2023-06-06T19:24:02","date_gmt":"2023-06-06T19:24:02","guid":{"rendered":"https:\/\/euamotrico.com.br\/loja\/?post_type=product&#038;p=5160"},"modified":"2023-08-11T14:30:44","modified_gmt":"2023-08-11T14:30:44","slug":"fio-boreal-9937-capitolio","status":"publish","type":"product","link":"https:\/\/euamotrico.com.br\/loja\/produto\/fio-boreal-9937-capitolio\/","title":{"rendered":"Fio Boreal cor 9937 &#8211; Capit\u00f3lio"},"content":{"rendered":"<h2 class=\"produto-detalhe__subtitulo\">DADOS T\u00c9CNICOS<\/h2>\n<div class=\"produto-detalhe__conteudo\">\n<p>Fio: 740 Tex<\/p>\n<p>Composi\u00e7\u00e3o: 100% Acr\u00edlico<\/p>\n<p>Comprimento e Peso: 135m e 100g<\/p>\n<p>Agulhas Para Croch\u00ea: 4,0mm a 6,0mm<\/p>\n<p>Agulhas Para Tric\u00f4: 6,0mm a 8,0mm<\/p>\n<p>Quantidade de Cores: 18<\/p>\n<p>Malha de Rendimento: 30 cm x 49 cm &#8211; Ag. Tric\u00f4 6.0 mm<\/p>\n<\/div>\n","protected":false},"excerpt":{"rendered":"<p>DADOS T\u00c9CNICOS Fio: 740 Tex Composi\u00e7\u00e3o: 100% Acr\u00edlico Comprimento e Peso: 135m e 100g Agulhas Para Croch\u00ea: 4,0mm a 6,0mm Agulhas Para Tric\u00f4: 6,0mm a 8,0mm Quantidade de Cores: 18 Malha de Rendimento: 30 cm x 49 cm &#8211; Ag. Tric\u00f4 6.0 mm<\/p>\n","protected":false},"featured_media":5161,"comment_status":"open","ping_status":"closed","template":"","meta":[],"class_list":["post-5160","product","type-product","status-publish","has-post-thumbnail","hentry","product_cat-novelo","product_tag-novelo"],"jetpack_sharing_enabled":true,"_links":{"self":[{"href":"https:\/\/euamotrico.com.br\/loja\/wp-json\/wp\/v2\/product\/5160","targetHints":{"allow":["GET"]}}],"collection":[{"href":"https:\/\/euamotrico.com.br\/loja\/wp-json\/wp\/v2\/product"}],"about":[{"href":"https:\/\/euamotrico.com.br\/loja\/wp-json\/wp\/v2\/types\/product"}],"replies":[{"embeddable":true,"href":"https:\/\/euamotrico.com.br\/loja\/wp-json\/wp\/v2\/comments?post=5160"}],"version-history":[{"count":1,"href":"https:\/\/euamotrico.com.br\/loja\/wp-json\/wp\/v2\/product\/5160\/revisions"}],"predecessor-version":[{"id":5162,"href":"https:\/\/euamotrico.com.br\/loja\/wp-json\/wp\/v2\/product\/5160\/revisions\/5162"}],"wp:featuredmedia":[{"embeddable":true,"href":"https:\/\/euamotrico.com.br\/loja\/wp-json\/wp\/v2\/media\/5161"}],"wp:attachment":[{"href":"https:\/\/euamotrico.com.br\/loja\/wp-json\/wp\/v2\/media?parent=5160"}],"curies":[{"name":"wp","href":"https:\/\/api.w.org\/{rel}","templated":true}]}}