{"id":5163,"date":"2023-06-06T19:26:44","date_gmt":"2023-06-06T19:26:44","guid":{"rendered":"https:\/\/euamotrico.com.br\/loja\/?post_type=product&#038;p=5163"},"modified":"2024-01-30T12:30:34","modified_gmt":"2024-01-30T12:30:34","slug":"fio-comfy-5177-cacador","status":"publish","type":"product","link":"https:\/\/euamotrico.com.br\/loja\/produto\/fio-comfy-5177-cacador\/","title":{"rendered":"Fio Comfy cor 5177 &#8211; Ca\u00e7ador"},"content":{"rendered":"<h2 class=\"produto-detalhe__subtitulo\">DADOS T\u00c9CNICOS<\/h2>\n<div class=\"produto-detalhe__conteudo\">\n<p>Fio 769 tex | Composi\u00e7\u00e3o 100% Poliamida |<\/p>\n<p>Agulhas para croch\u00ea 4,5 mm a 6,0 mm | Agulhas para tric\u00f4 5,0 mm a 7,0 mm<\/p>\n<p>Malha de Rendimento: 30 cm x 52 cm \u2013 Ag. Tric\u00f4 6,0 mm<\/p>\n<p>Comprimento e Peso: 130 m e 100 g<\/p>\n<p>Quantidade de cores: 16<\/p>\n<\/div>\n","protected":false},"excerpt":{"rendered":"<p>DADOS T\u00c9CNICOS Fio 769 tex | Composi\u00e7\u00e3o 100% Poliamida | Agulhas para croch\u00ea 4,5 mm a 6,0 mm | Agulhas para tric\u00f4 5,0 mm a 7,0 mm Malha de Rendimento: 30 cm x 52 cm \u2013 Ag. Tric\u00f4 6,0 mm Comprimento e Peso: 130 m e 100 g Quantidade de cores: 16<\/p>\n","protected":false},"featured_media":5164,"comment_status":"open","ping_status":"closed","template":"","meta":[],"class_list":["post-5163","product","type-product","status-publish","has-post-thumbnail","hentry","product_cat-novelo","product_tag-novelo"],"jetpack_sharing_enabled":true,"_links":{"self":[{"href":"https:\/\/euamotrico.com.br\/loja\/wp-json\/wp\/v2\/product\/5163","targetHints":{"allow":["GET"]}}],"collection":[{"href":"https:\/\/euamotrico.com.br\/loja\/wp-json\/wp\/v2\/product"}],"about":[{"href":"https:\/\/euamotrico.com.br\/loja\/wp-json\/wp\/v2\/types\/product"}],"replies":[{"embeddable":true,"href":"https:\/\/euamotrico.com.br\/loja\/wp-json\/wp\/v2\/comments?post=5163"}],"version-history":[{"count":1,"href":"https:\/\/euamotrico.com.br\/loja\/wp-json\/wp\/v2\/product\/5163\/revisions"}],"predecessor-version":[{"id":5165,"href":"https:\/\/euamotrico.com.br\/loja\/wp-json\/wp\/v2\/product\/5163\/revisions\/5165"}],"wp:featuredmedia":[{"embeddable":true,"href":"https:\/\/euamotrico.com.br\/loja\/wp-json\/wp\/v2\/media\/5164"}],"wp:attachment":[{"href":"https:\/\/euamotrico.com.br\/loja\/wp-json\/wp\/v2\/media?parent=5163"}],"curies":[{"name":"wp","href":"https:\/\/api.w.org\/{rel}","templated":true}]}}