{"id":5166,"date":"2023-06-06T19:30:28","date_gmt":"2023-06-06T19:30:28","guid":{"rendered":"https:\/\/euamotrico.com.br\/loja\/?post_type=product&#038;p=5166"},"modified":"2023-08-12T01:55:34","modified_gmt":"2023-08-12T01:55:34","slug":"fio-java-8891-blueboy","status":"publish","type":"product","link":"https:\/\/euamotrico.com.br\/loja\/produto\/fio-java-8891-blueboy\/","title":{"rendered":"Fio Java cor 8891 &#8211; Blue Boy"},"content":{"rendered":"<h2 class=\"produto-detalhe__subtitulo\">DADOS T\u00c9CNICOS<\/h2>\n<div class=\"produto-detalhe__conteudo\">\n<p>Composi\u00e7\u00e3o: 100% ACRILICO<\/p>\n<p>Peso: 100g<\/p>\n<p>Metragem: 120m<\/p>\n<p>Quantidade de cores: 17<\/p>\n<p>Agulha croch\u00ea: 4.00 a 6.00mm<\/p>\n<p>Agulha tric\u00f4: 5.5 a 8.00mm<\/p>\n<p>Fio: 833 TEX<\/p>\n<p>Malha de Rendimento: 30 cm x 50 cm &#8211; Ag. Tric\u00f4 7.0 mm<\/p>\n<\/div>\n","protected":false},"excerpt":{"rendered":"<p>DADOS T\u00c9CNICOS Composi\u00e7\u00e3o: 100% ACRILICO Peso: 100g Metragem: 120m Quantidade de cores: 17 Agulha croch\u00ea: 4.00 a 6.00mm Agulha tric\u00f4: 5.5 a 8.00mm Fio: 833 TEX Malha de Rendimento: 30 cm x 50 cm &#8211; Ag. Tric\u00f4 7.0 mm<\/p>\n","protected":false},"featured_media":5167,"comment_status":"open","ping_status":"closed","template":"","meta":[],"class_list":["post-5166","product","type-product","status-publish","has-post-thumbnail","hentry","product_cat-novelo","product_tag-novelo"],"jetpack_sharing_enabled":true,"_links":{"self":[{"href":"https:\/\/euamotrico.com.br\/loja\/wp-json\/wp\/v2\/product\/5166","targetHints":{"allow":["GET"]}}],"collection":[{"href":"https:\/\/euamotrico.com.br\/loja\/wp-json\/wp\/v2\/product"}],"about":[{"href":"https:\/\/euamotrico.com.br\/loja\/wp-json\/wp\/v2\/types\/product"}],"replies":[{"embeddable":true,"href":"https:\/\/euamotrico.com.br\/loja\/wp-json\/wp\/v2\/comments?post=5166"}],"version-history":[{"count":1,"href":"https:\/\/euamotrico.com.br\/loja\/wp-json\/wp\/v2\/product\/5166\/revisions"}],"predecessor-version":[{"id":5168,"href":"https:\/\/euamotrico.com.br\/loja\/wp-json\/wp\/v2\/product\/5166\/revisions\/5168"}],"wp:featuredmedia":[{"embeddable":true,"href":"https:\/\/euamotrico.com.br\/loja\/wp-json\/wp\/v2\/media\/5167"}],"wp:attachment":[{"href":"https:\/\/euamotrico.com.br\/loja\/wp-json\/wp\/v2\/media?parent=5166"}],"curies":[{"name":"wp","href":"https:\/\/api.w.org\/{rel}","templated":true}]}}