{"id":5169,"date":"2023-06-06T19:33:40","date_gmt":"2023-06-06T19:33:40","guid":{"rendered":"https:\/\/euamotrico.com.br\/loja\/?post_type=product&#038;p=5169"},"modified":"2023-07-09T21:42:18","modified_gmt":"2023-07-09T21:42:18","slug":"fio-angora-5038-palmeira","status":"publish","type":"product","link":"https:\/\/euamotrico.com.br\/loja\/produto\/fio-angora-5038-palmeira\/","title":{"rendered":"Fio Angora cor 5038 &#8211; Palmeira"},"content":{"rendered":"<h2 class=\"produto-detalhe__subtitulo\">DADOS T\u00c9CNICOS<\/h2>\n<div class=\"produto-detalhe__conteudo\">\n<p>Composi\u00e7\u00e3o: 100% poli\u00e9ster<\/p>\n<p>Fio: 1666 tex \/ 100g \/ 60m<\/p>\n<p>Agulha croch\u00ea: 7,0mm a 9,0mm<\/p>\n<p>Agulhas tric\u00f4: 12,0mm a 14,0mm<\/p>\n<\/div>\n","protected":false},"excerpt":{"rendered":"<p>DADOS T\u00c9CNICOS Composi\u00e7\u00e3o: 100% poli\u00e9ster Fio: 1666 tex \/ 100g \/ 60m Agulha croch\u00ea: 7,0mm a 9,0mm Agulhas tric\u00f4: 12,0mm a 14,0mm<\/p>\n","protected":false},"featured_media":5170,"comment_status":"open","ping_status":"closed","template":"","meta":[],"class_list":["post-5169","product","type-product","status-publish","has-post-thumbnail","hentry","product_cat-novelo","product_tag-novelo"],"jetpack_sharing_enabled":true,"_links":{"self":[{"href":"https:\/\/euamotrico.com.br\/loja\/wp-json\/wp\/v2\/product\/5169","targetHints":{"allow":["GET"]}}],"collection":[{"href":"https:\/\/euamotrico.com.br\/loja\/wp-json\/wp\/v2\/product"}],"about":[{"href":"https:\/\/euamotrico.com.br\/loja\/wp-json\/wp\/v2\/types\/product"}],"replies":[{"embeddable":true,"href":"https:\/\/euamotrico.com.br\/loja\/wp-json\/wp\/v2\/comments?post=5169"}],"version-history":[{"count":1,"href":"https:\/\/euamotrico.com.br\/loja\/wp-json\/wp\/v2\/product\/5169\/revisions"}],"predecessor-version":[{"id":5171,"href":"https:\/\/euamotrico.com.br\/loja\/wp-json\/wp\/v2\/product\/5169\/revisions\/5171"}],"wp:featuredmedia":[{"embeddable":true,"href":"https:\/\/euamotrico.com.br\/loja\/wp-json\/wp\/v2\/media\/5170"}],"wp:attachment":[{"href":"https:\/\/euamotrico.com.br\/loja\/wp-json\/wp\/v2\/media?parent=5169"}],"curies":[{"name":"wp","href":"https:\/\/api.w.org\/{rel}","templated":true}]}}