{"id":5172,"date":"2023-06-06T19:37:20","date_gmt":"2023-06-06T19:37:20","guid":{"rendered":"https:\/\/euamotrico.com.br\/loja\/?post_type=product&#038;p=5172"},"modified":"2024-01-30T12:30:28","modified_gmt":"2024-01-30T12:30:28","slug":"fio-batik-9735-agua-de-cheiro","status":"publish","type":"product","link":"https:\/\/euamotrico.com.br\/loja\/produto\/fio-batik-9735-agua-de-cheiro\/","title":{"rendered":"Fio Batik cor 9735 &#8211; \u00c1gua de Cheiro"},"content":{"rendered":"<h2 class=\"produto-detalhe__subtitulo\">DADOS T\u00c9CNICOS<\/h2>\n<div class=\"produto-detalhe__conteudo\">\n<p>Fio: 277 Tex<\/p>\n<p>Composi\u00e7\u00e3o: 100% Acr\u00edlico<\/p>\n<p>Comprimento e Peso: 360 m e 100 g<\/p>\n<p>Agulhas Para Croch\u00ea: 3,0 mm a 4,0 mm<\/p>\n<p>Agulhas Para Tric\u00f4: 4,0 mm a 5,5 mm<\/p>\n<p>Quantidade de Cores: 27<\/p>\n<p>Malha de Rendimento: 30 cm x 102 cm &#8211; Ag. Tric\u00f4 5,0 mm<\/p>\n<\/div>\n","protected":false},"excerpt":{"rendered":"<p>DADOS T\u00c9CNICOS Fio: 277 Tex Composi\u00e7\u00e3o: 100% Acr\u00edlico Comprimento e Peso: 360 m e 100 g Agulhas Para Croch\u00ea: 3,0 mm a 4,0 mm Agulhas Para Tric\u00f4: 4,0 mm a 5,5 mm Quantidade de Cores: 27 Malha de Rendimento: 30 cm x 102 cm &#8211; Ag. Tric\u00f4 5,0 mm<\/p>\n","protected":false},"featured_media":5176,"comment_status":"open","ping_status":"closed","template":"","meta":[],"class_list":["post-5172","product","type-product","status-publish","has-post-thumbnail","hentry","product_cat-novelo","product_tag-novelo"],"jetpack_sharing_enabled":true,"_links":{"self":[{"href":"https:\/\/euamotrico.com.br\/loja\/wp-json\/wp\/v2\/product\/5172","targetHints":{"allow":["GET"]}}],"collection":[{"href":"https:\/\/euamotrico.com.br\/loja\/wp-json\/wp\/v2\/product"}],"about":[{"href":"https:\/\/euamotrico.com.br\/loja\/wp-json\/wp\/v2\/types\/product"}],"replies":[{"embeddable":true,"href":"https:\/\/euamotrico.com.br\/loja\/wp-json\/wp\/v2\/comments?post=5172"}],"version-history":[{"count":1,"href":"https:\/\/euamotrico.com.br\/loja\/wp-json\/wp\/v2\/product\/5172\/revisions"}],"predecessor-version":[{"id":5177,"href":"https:\/\/euamotrico.com.br\/loja\/wp-json\/wp\/v2\/product\/5172\/revisions\/5177"}],"wp:featuredmedia":[{"embeddable":true,"href":"https:\/\/euamotrico.com.br\/loja\/wp-json\/wp\/v2\/media\/5176"}],"wp:attachment":[{"href":"https:\/\/euamotrico.com.br\/loja\/wp-json\/wp\/v2\/media?parent=5172"}],"curies":[{"name":"wp","href":"https:\/\/api.w.org\/{rel}","templated":true}]}}