{"id":5178,"date":"2023-06-06T19:44:23","date_gmt":"2023-06-06T19:44:23","guid":{"rendered":"https:\/\/euamotrico.com.br\/loja\/?post_type=product&#038;p=5178"},"modified":"2024-01-30T12:30:21","modified_gmt":"2024-01-30T12:30:21","slug":"fio-mais-bebe-cores-214","status":"publish","type":"product","link":"https:\/\/euamotrico.com.br\/loja\/produto\/fio-mais-bebe-cores-214\/","title":{"rendered":"Fio Mais Beb\u00ea Soft"},"content":{"rendered":"<h2 class=\"produto-detalhe__subtitulo\">DADOS T\u00c9CNICOS<\/h2>\n<div class=\"produto-detalhe__conteudo\">\n<p>Fio Mais Beb\u00ea Soft 100g<\/p>\n<p>Um fio com toda a maciez e beleza da pele do beb\u00ea. A pele do beb\u00ea \u00e9 macia e suave, mas precisa de cuidados especiais. Por isso desenvolvemos o fio Mais Beb\u00ea Soft que \u00e9 diferenciado, macio e com toque requintado. Esse fio leve e com brilho pode ser utilizado para confec\u00e7\u00e3o de pe\u00e7as de vestu\u00e1rio e acess\u00f3rios que v\u00e3o deixar o beb\u00ea confort\u00e1vel e cheio de estilo.<\/p>\n<p><strong>Composi\u00e7\u00e3o:\u00a0<\/strong>74% Acr\u00edlico, 26% Viscose TEX: 311<br \/>\n<strong>Cont\u00e9m:\u00a0<\/strong>321m<\/p>\n<\/div>\n","protected":false},"excerpt":{"rendered":"<p>DADOS T\u00c9CNICOS Fio Mais Beb\u00ea Soft 100g Um fio com toda a maciez e beleza da pele do beb\u00ea. A pele do beb\u00ea \u00e9 macia e suave, mas precisa de cuidados especiais. Por isso desenvolvemos o fio Mais Beb\u00ea Soft que \u00e9 diferenciado, macio e com toque requintado. Esse fio leve e com brilho pode &hellip;<\/p>\n<p class=\"read-more\"> <a class=\"\" href=\"https:\/\/euamotrico.com.br\/loja\/produto\/fio-mais-bebe-cores-214\/\"> <span class=\"screen-reader-text\">Fio Mais Beb\u00ea Soft<\/span> Leia mais &raquo;<\/a><\/p>\n","protected":false},"featured_media":5636,"comment_status":"open","ping_status":"closed","template":"","meta":[],"class_list":["post-5178","product","type-product","status-publish","has-post-thumbnail","hentry","product_cat-novelo","product_tag-novelo"],"jetpack_sharing_enabled":true,"_links":{"self":[{"href":"https:\/\/euamotrico.com.br\/loja\/wp-json\/wp\/v2\/product\/5178","targetHints":{"allow":["GET"]}}],"collection":[{"href":"https:\/\/euamotrico.com.br\/loja\/wp-json\/wp\/v2\/product"}],"about":[{"href":"https:\/\/euamotrico.com.br\/loja\/wp-json\/wp\/v2\/types\/product"}],"replies":[{"embeddable":true,"href":"https:\/\/euamotrico.com.br\/loja\/wp-json\/wp\/v2\/comments?post=5178"}],"version-history":[{"count":3,"href":"https:\/\/euamotrico.com.br\/loja\/wp-json\/wp\/v2\/product\/5178\/revisions"}],"predecessor-version":[{"id":5637,"href":"https:\/\/euamotrico.com.br\/loja\/wp-json\/wp\/v2\/product\/5178\/revisions\/5637"}],"wp:featuredmedia":[{"embeddable":true,"href":"https:\/\/euamotrico.com.br\/loja\/wp-json\/wp\/v2\/media\/5636"}],"wp:attachment":[{"href":"https:\/\/euamotrico.com.br\/loja\/wp-json\/wp\/v2\/media?parent=5178"}],"curies":[{"name":"wp","href":"https:\/\/api.w.org\/{rel}","templated":true}]}}