{"id":5207,"date":"2023-07-07T17:17:06","date_gmt":"2023-07-07T17:17:06","guid":{"rendered":"https:\/\/euamotrico.com.br\/loja\/?post_type=product&#038;p=5207"},"modified":"2025-09-09T23:41:19","modified_gmt":"2025-09-09T23:41:19","slug":"gorro-docura-adulto-p-m","status":"publish","type":"product","link":"https:\/\/euamotrico.com.br\/loja\/produto\/gorro-docura-adulto-p-m\/","title":{"rendered":"Gorro Do\u00e7ura no Tric\u00f4 &#8211; Adulto P\/M"},"content":{"rendered":"<p>Aqui voc\u00ea encontra o PDF desta receita. A receita escrita vem com a orienta\u00e7\u00e3o para um gorro feito nas agulhas retas (com costura). A receita possui lista de materiais, amostra, lista de substitui\u00e7\u00e3o do fio, medidas finais e um desenho da pe\u00e7a, abrevia\u00e7\u00f5es e v\u00eddeos suporte das t\u00e9cnicas usadas e carreiras descritas para a execu\u00e7\u00e3o da pe\u00e7a. \u00c9 uma pe\u00e7a para n\u00edvel iniciante no tric\u00f4 portanto conhecer os pontos b\u00e1sicos no tric\u00f4 facilita a compreens\u00e3o da receita escrita. A pe\u00e7a \u00e9 feita em agulhas retas n\u00b05 mm.<\/p>\n<p>Ao comprar, voc\u00ea tem acesso ao local de download do arquivo em PDF dispon\u00edvel aqui no site.<\/p>\n<p>Para baixar a receita ap\u00f3s comprar:<br \/>\n1. Entre na loja com seu cadastro.<br \/>\n2. Clique em Minha Conta no menu superior.<br \/>\n3. Clique em Download (3\u00aa op\u00e7\u00e3o no menu \u00e0 esquerda).<\/p>\n<p>Este produto \u00e9 digital, ap\u00f3s sua compra, <strong>n\u00e3o aceitamos trocas ou devolu\u00e7\u00f5es<\/strong>. Qualquer d\u00favida entre em contato por: loja@euamotrico.com.br<\/p>\n<p>\u2764<\/p>\n","protected":false},"excerpt":{"rendered":"<p>Aqui voc\u00ea encontra o PDF da receita escrita do Gorro Do\u00e7ura. Se voc\u00ea \u00e9 membro do Jardim esta receita est\u00e1 dispon\u00edvel para voc\u00ea no pr\u00f3prio Jardim com v\u00eddeo do passo a passo carreira por carreira.<\/p>\n","protected":false},"featured_media":5208,"comment_status":"open","ping_status":"closed","template":"","meta":[],"class_list":["post-5207","product","type-product","status-publish","has-post-thumbnail","hentry","product_cat-acessorios","product_cat-pecas-para-adultos","product_cat-receita-de-trico","product_cat-receitas-escritas","product_tag-gorro-e-touca","product_tag-pecas-para-bebes","product_tag-receitas-escritas"],"jetpack_sharing_enabled":true,"_links":{"self":[{"href":"https:\/\/euamotrico.com.br\/loja\/wp-json\/wp\/v2\/product\/5207","targetHints":{"allow":["GET"]}}],"collection":[{"href":"https:\/\/euamotrico.com.br\/loja\/wp-json\/wp\/v2\/product"}],"about":[{"href":"https:\/\/euamotrico.com.br\/loja\/wp-json\/wp\/v2\/types\/product"}],"replies":[{"embeddable":true,"href":"https:\/\/euamotrico.com.br\/loja\/wp-json\/wp\/v2\/comments?post=5207"}],"version-history":[{"count":1,"href":"https:\/\/euamotrico.com.br\/loja\/wp-json\/wp\/v2\/product\/5207\/revisions"}],"predecessor-version":[{"id":5210,"href":"https:\/\/euamotrico.com.br\/loja\/wp-json\/wp\/v2\/product\/5207\/revisions\/5210"}],"wp:featuredmedia":[{"embeddable":true,"href":"https:\/\/euamotrico.com.br\/loja\/wp-json\/wp\/v2\/media\/5208"}],"wp:attachment":[{"href":"https:\/\/euamotrico.com.br\/loja\/wp-json\/wp\/v2\/media?parent=5207"}],"curies":[{"name":"wp","href":"https:\/\/api.w.org\/{rel}","templated":true}]}}