{"id":5231,"date":"2023-07-17T12:55:21","date_gmt":"2023-07-17T12:55:21","guid":{"rendered":"https:\/\/euamotrico.com.br\/loja\/?post_type=product&#038;p=5231"},"modified":"2023-07-18T16:25:37","modified_gmt":"2023-07-18T16:25:37","slug":"fio-classic-pull-7522","status":"publish","type":"product","link":"https:\/\/euamotrico.com.br\/loja\/produto\/fio-classic-pull-7522\/","title":{"rendered":"Fio Classic Pull 7522 &#8211; Bege"},"content":{"rendered":"<h2 class=\"produto-detalhe__subtitulo\">DADOS T\u00c9CNICOS<\/h2>\n<p>&nbsp;<\/p>\n<div class=\"produto-detalhe__conteudo\">\n<p><strong>Composi\u00e7\u00e3o:\u00a0<\/strong>100% Acr\u00edlico<\/p>\n<p><strong>Metragem:\u00a0<\/strong>330 metros<\/p>\n<p><strong>Tex:\u00a0<\/strong>606<\/p>\n<p><strong>Agulha Recomendada:\u00a0<\/strong>Tric\u00f4 &#8211; 4,0 a 6,0 mm | Croch\u00ea &#8211; 3,5 a 5,5 mm<\/p>\n<\/div>\n","protected":false},"excerpt":{"rendered":"<p>DADOS T\u00c9CNICOS &nbsp; Composi\u00e7\u00e3o:\u00a0100% Acr\u00edlico Metragem:\u00a0330 metros Tex:\u00a0606 Agulha Recomendada:\u00a0Tric\u00f4 &#8211; 4,0 a 6,0 mm | Croch\u00ea &#8211; 3,5 a 5,5 mm<\/p>\n","protected":false},"featured_media":5232,"comment_status":"open","ping_status":"closed","template":"","meta":[],"class_list":["post-5231","product","type-product","status-publish","has-post-thumbnail","hentry","product_cat-novelo","product_tag-novelo"],"jetpack_sharing_enabled":true,"_links":{"self":[{"href":"https:\/\/euamotrico.com.br\/loja\/wp-json\/wp\/v2\/product\/5231","targetHints":{"allow":["GET"]}}],"collection":[{"href":"https:\/\/euamotrico.com.br\/loja\/wp-json\/wp\/v2\/product"}],"about":[{"href":"https:\/\/euamotrico.com.br\/loja\/wp-json\/wp\/v2\/types\/product"}],"replies":[{"embeddable":true,"href":"https:\/\/euamotrico.com.br\/loja\/wp-json\/wp\/v2\/comments?post=5231"}],"version-history":[{"count":1,"href":"https:\/\/euamotrico.com.br\/loja\/wp-json\/wp\/v2\/product\/5231\/revisions"}],"predecessor-version":[{"id":5233,"href":"https:\/\/euamotrico.com.br\/loja\/wp-json\/wp\/v2\/product\/5231\/revisions\/5233"}],"wp:featuredmedia":[{"embeddable":true,"href":"https:\/\/euamotrico.com.br\/loja\/wp-json\/wp\/v2\/media\/5232"}],"wp:attachment":[{"href":"https:\/\/euamotrico.com.br\/loja\/wp-json\/wp\/v2\/media?parent=5231"}],"curies":[{"name":"wp","href":"https:\/\/api.w.org\/{rel}","templated":true}]}}