{"id":5234,"date":"2023-07-17T12:58:06","date_gmt":"2023-07-17T12:58:06","guid":{"rendered":"https:\/\/euamotrico.com.br\/loja\/?post_type=product&#038;p=5234"},"modified":"2024-01-30T12:30:05","modified_gmt":"2024-01-30T12:30:05","slug":"fio-classic-pull-maxi-2829","status":"publish","type":"product","link":"https:\/\/euamotrico.com.br\/loja\/produto\/fio-classic-pull-maxi-2829\/","title":{"rendered":"Fio Classic Pull Maxi 2829"},"content":{"rendered":"<h2 class=\"produto-detalhe__subtitulo\">DADOS T\u00c9CNICOS<\/h2>\n<p>&nbsp;<\/p>\n<div class=\"produto-detalhe__conteudo\">\n<p><strong>Composi\u00e7\u00e3o:\u00a0<\/strong>100% Acr\u00edlico<\/p>\n<p><strong>Metragem:\u00a0<\/strong>220 Metros<\/p>\n<p><b>Fio:<\/b>\u00a0909 tex | 200g<\/p>\n<p><strong>Tex:\u00a0<\/strong>909<\/p>\n<p><strong>Agulha Recomendada:\u00a0<\/strong>Tric\u00f4 &#8211; 7,0 a 9,0 mm | Croch\u00ea &#8211; 6,0 a 8,0 mm<\/p>\n<p><strong>Malha de Rendimento:<\/strong>\u00a030 cm X 99 cm &#8211; Ag. Tric\u00f4 8.0 mm<\/p>\n<\/div>\n","protected":false},"excerpt":{"rendered":"<p>DADOS T\u00c9CNICOS &nbsp; Composi\u00e7\u00e3o:\u00a0100% Acr\u00edlico Metragem:\u00a0220 Metros Fio:\u00a0909 tex | 200g Tex:\u00a0909 Agulha Recomendada:\u00a0Tric\u00f4 &#8211; 7,0 a 9,0 mm | Croch\u00ea &#8211; 6,0 a 8,0 mm Malha de Rendimento:\u00a030 cm X 99 cm &#8211; Ag. Tric\u00f4 8.0 mm<\/p>\n","protected":false},"featured_media":5235,"comment_status":"open","ping_status":"closed","template":"","meta":[],"class_list":["post-5234","product","type-product","status-publish","has-post-thumbnail","hentry","product_cat-novelo","product_tag-novelo"],"jetpack_sharing_enabled":true,"_links":{"self":[{"href":"https:\/\/euamotrico.com.br\/loja\/wp-json\/wp\/v2\/product\/5234","targetHints":{"allow":["GET"]}}],"collection":[{"href":"https:\/\/euamotrico.com.br\/loja\/wp-json\/wp\/v2\/product"}],"about":[{"href":"https:\/\/euamotrico.com.br\/loja\/wp-json\/wp\/v2\/types\/product"}],"replies":[{"embeddable":true,"href":"https:\/\/euamotrico.com.br\/loja\/wp-json\/wp\/v2\/comments?post=5234"}],"version-history":[{"count":1,"href":"https:\/\/euamotrico.com.br\/loja\/wp-json\/wp\/v2\/product\/5234\/revisions"}],"predecessor-version":[{"id":5236,"href":"https:\/\/euamotrico.com.br\/loja\/wp-json\/wp\/v2\/product\/5234\/revisions\/5236"}],"wp:featuredmedia":[{"embeddable":true,"href":"https:\/\/euamotrico.com.br\/loja\/wp-json\/wp\/v2\/media\/5235"}],"wp:attachment":[{"href":"https:\/\/euamotrico.com.br\/loja\/wp-json\/wp\/v2\/media?parent=5234"}],"curies":[{"name":"wp","href":"https:\/\/api.w.org\/{rel}","templated":true}]}}