{"id":5238,"date":"2023-07-18T01:46:33","date_gmt":"2023-07-18T01:46:33","guid":{"rendered":"https:\/\/euamotrico.com.br\/loja\/?post_type=product&#038;p=5238"},"modified":"2023-07-18T16:25:37","modified_gmt":"2023-07-18T16:25:37","slug":"fio-harmony-7267","status":"publish","type":"product","link":"https:\/\/euamotrico.com.br\/loja\/produto\/fio-harmony-7267\/","title":{"rendered":"Fio Harmony 7267"},"content":{"rendered":"<h2 class=\"produto-detalhe__subtitulo\">DADOS T\u00c9CNICOS<\/h2>\n<p>&nbsp;<\/p>\n<div class=\"produto-detalhe__conteudo\">\n<p>Fio: 416 tex<\/p>\n<p>Composi\u00e7\u00e3o: 100% Acr\u00edlico<\/p>\n<p>Comprimento e Peso: 240m e 100g<\/p>\n<p>Agulhas para croch\u00ea: 3,5mm a 5,0mm<\/p>\n<p>Agulhas para tric\u00f4: 4,0mm a 6,0mm<\/p>\n<p>Quantidade de cores: 27<\/p>\n<p>Malha de Rendimento: 30 cm x 88 cm &#8211; Ag. Tric\u00f4 5.0 mm<\/p>\n<\/div>\n","protected":false},"excerpt":{"rendered":"<p>DADOS T\u00c9CNICOS &nbsp; Fio: 416 tex Composi\u00e7\u00e3o: 100% Acr\u00edlico Comprimento e Peso: 240m e 100g Agulhas para croch\u00ea: 3,5mm a 5,0mm Agulhas para tric\u00f4: 4,0mm a 6,0mm Quantidade de cores: 27 Malha de Rendimento: 30 cm x 88 cm &#8211; Ag. Tric\u00f4 5.0 mm<\/p>\n","protected":false},"featured_media":5239,"comment_status":"open","ping_status":"closed","template":"","meta":[],"class_list":["post-5238","product","type-product","status-publish","has-post-thumbnail","hentry","product_cat-novelo","product_tag-novelo"],"jetpack_sharing_enabled":true,"_links":{"self":[{"href":"https:\/\/euamotrico.com.br\/loja\/wp-json\/wp\/v2\/product\/5238","targetHints":{"allow":["GET"]}}],"collection":[{"href":"https:\/\/euamotrico.com.br\/loja\/wp-json\/wp\/v2\/product"}],"about":[{"href":"https:\/\/euamotrico.com.br\/loja\/wp-json\/wp\/v2\/types\/product"}],"replies":[{"embeddable":true,"href":"https:\/\/euamotrico.com.br\/loja\/wp-json\/wp\/v2\/comments?post=5238"}],"version-history":[{"count":1,"href":"https:\/\/euamotrico.com.br\/loja\/wp-json\/wp\/v2\/product\/5238\/revisions"}],"predecessor-version":[{"id":5240,"href":"https:\/\/euamotrico.com.br\/loja\/wp-json\/wp\/v2\/product\/5238\/revisions\/5240"}],"wp:featuredmedia":[{"embeddable":true,"href":"https:\/\/euamotrico.com.br\/loja\/wp-json\/wp\/v2\/media\/5239"}],"wp:attachment":[{"href":"https:\/\/euamotrico.com.br\/loja\/wp-json\/wp\/v2\/media?parent=5238"}],"curies":[{"name":"wp","href":"https:\/\/api.w.org\/{rel}","templated":true}]}}