{"id":5247,"date":"2023-07-18T01:56:53","date_gmt":"2023-07-18T01:56:53","guid":{"rendered":"https:\/\/euamotrico.com.br\/loja\/?post_type=product&#038;p=5247"},"modified":"2023-07-18T04:08:21","modified_gmt":"2023-07-18T04:08:21","slug":"fio-bamboo-8001","status":"publish","type":"product","link":"https:\/\/euamotrico.com.br\/loja\/produto\/fio-bamboo-8001\/","title":{"rendered":"Fio Bamboo 8001"},"content":{"rendered":"<h2 class=\"produto-detalhe__subtitulo\">DADOS T\u00c9CNICOS<\/h2>\n<p>&nbsp;<\/p>\n<div class=\"produto-detalhe__conteudo\">\n<p>Composi\u00e7\u00e3o: 54% Acr\u00edlico \/ 23% Bamb\u00fa \/ 23% Algod\u00e3o<\/p>\n<p>Fio: 763 tex | 200 g | 262 m<\/p>\n<p>Agulha croch\u00ea: 5.0 mm a 7.0 mm<\/p>\n<p>Agulhas tric\u00f4: 4.0 mm a 6.0 mm<\/p>\n<p>Quantidade de Cores: 11<\/p>\n<p>Malha de Rendimento: 30 cm x 105 cm &#8211; Ag. Tric\u00f4 5.5 mm<\/p>\n<\/div>\n","protected":false},"excerpt":{"rendered":"<p>DADOS T\u00c9CNICOS &nbsp; Composi\u00e7\u00e3o: 54% Acr\u00edlico \/ 23% Bamb\u00fa \/ 23% Algod\u00e3o Fio: 763 tex | 200 g | 262 m Agulha croch\u00ea: 5.0 mm a 7.0 mm Agulhas tric\u00f4: 4.0 mm a 6.0 mm Quantidade de Cores: 11 Malha de Rendimento: 30 cm x 105 cm &#8211; Ag. Tric\u00f4 5.5 mm<\/p>\n","protected":false},"featured_media":5248,"comment_status":"open","ping_status":"closed","template":"","meta":[],"class_list":["post-5247","product","type-product","status-publish","has-post-thumbnail","hentry","product_cat-novelo","product_tag-novelo"],"jetpack_sharing_enabled":true,"_links":{"self":[{"href":"https:\/\/euamotrico.com.br\/loja\/wp-json\/wp\/v2\/product\/5247","targetHints":{"allow":["GET"]}}],"collection":[{"href":"https:\/\/euamotrico.com.br\/loja\/wp-json\/wp\/v2\/product"}],"about":[{"href":"https:\/\/euamotrico.com.br\/loja\/wp-json\/wp\/v2\/types\/product"}],"replies":[{"embeddable":true,"href":"https:\/\/euamotrico.com.br\/loja\/wp-json\/wp\/v2\/comments?post=5247"}],"version-history":[{"count":1,"href":"https:\/\/euamotrico.com.br\/loja\/wp-json\/wp\/v2\/product\/5247\/revisions"}],"predecessor-version":[{"id":5249,"href":"https:\/\/euamotrico.com.br\/loja\/wp-json\/wp\/v2\/product\/5247\/revisions\/5249"}],"wp:featuredmedia":[{"embeddable":true,"href":"https:\/\/euamotrico.com.br\/loja\/wp-json\/wp\/v2\/media\/5248"}],"wp:attachment":[{"href":"https:\/\/euamotrico.com.br\/loja\/wp-json\/wp\/v2\/media?parent=5247"}],"curies":[{"name":"wp","href":"https:\/\/api.w.org\/{rel}","templated":true}]}}