{"id":5250,"date":"2023-07-18T01:58:54","date_gmt":"2023-07-18T01:58:54","guid":{"rendered":"https:\/\/euamotrico.com.br\/loja\/?post_type=product&#038;p=5250"},"modified":"2023-07-18T14:32:08","modified_gmt":"2023-07-18T14:32:08","slug":"fio-urbano-3290","status":"publish","type":"product","link":"https:\/\/euamotrico.com.br\/loja\/produto\/fio-urbano-3290\/","title":{"rendered":"Fio Urbano 3290"},"content":{"rendered":"<h2 class=\"produto-detalhe__subtitulo\">DADOS T\u00c9CNICOS<\/h2>\n<p>&nbsp;<\/p>\n<div class=\"produto-detalhe__conteudo\">\n<p>Fio: 909 Tex<\/p>\n<p>Composi\u00e7\u00e3o: 80% Acr\u00edlico e 20% Poliamida<\/p>\n<p>Comprimento e Peso: 110 m e 100 g<\/p>\n<p>Agulhas Para Croch\u00ea: 6,5 mm a 8,0 mm<\/p>\n<p>Agulhas Para Tric\u00f4: 8,0 mm a 12,0 mm<\/p>\n<p>Quantidade de Cores: 36<\/p>\n<p>Malha de Rendimento: 30 cm x 49 cm &#8211; Ag. Tric\u00f4 8.0 mm<\/p>\n<\/div>\n","protected":false},"excerpt":{"rendered":"<p>DADOS T\u00c9CNICOS &nbsp; Fio: 909 Tex Composi\u00e7\u00e3o: 80% Acr\u00edlico e 20% Poliamida Comprimento e Peso: 110 m e 100 g Agulhas Para Croch\u00ea: 6,5 mm a 8,0 mm Agulhas Para Tric\u00f4: 8,0 mm a 12,0 mm Quantidade de Cores: 36 Malha de Rendimento: 30 cm x 49 cm &#8211; Ag. Tric\u00f4 8.0 mm<\/p>\n","protected":false},"featured_media":5252,"comment_status":"open","ping_status":"closed","template":"","meta":[],"class_list":["post-5250","product","type-product","status-publish","has-post-thumbnail","hentry","product_cat-novelo","product_tag-novelo"],"jetpack_sharing_enabled":true,"_links":{"self":[{"href":"https:\/\/euamotrico.com.br\/loja\/wp-json\/wp\/v2\/product\/5250","targetHints":{"allow":["GET"]}}],"collection":[{"href":"https:\/\/euamotrico.com.br\/loja\/wp-json\/wp\/v2\/product"}],"about":[{"href":"https:\/\/euamotrico.com.br\/loja\/wp-json\/wp\/v2\/types\/product"}],"replies":[{"embeddable":true,"href":"https:\/\/euamotrico.com.br\/loja\/wp-json\/wp\/v2\/comments?post=5250"}],"version-history":[{"count":1,"href":"https:\/\/euamotrico.com.br\/loja\/wp-json\/wp\/v2\/product\/5250\/revisions"}],"predecessor-version":[{"id":5253,"href":"https:\/\/euamotrico.com.br\/loja\/wp-json\/wp\/v2\/product\/5250\/revisions\/5253"}],"wp:featuredmedia":[{"embeddable":true,"href":"https:\/\/euamotrico.com.br\/loja\/wp-json\/wp\/v2\/media\/5252"}],"wp:attachment":[{"href":"https:\/\/euamotrico.com.br\/loja\/wp-json\/wp\/v2\/media?parent=5250"}],"curies":[{"name":"wp","href":"https:\/\/api.w.org\/{rel}","templated":true}]}}