{"id":5260,"date":"2023-07-18T02:06:04","date_gmt":"2023-07-18T02:06:04","guid":{"rendered":"https:\/\/euamotrico.com.br\/loja\/?post_type=product&#038;p=5260"},"modified":"2024-01-30T12:32:05","modified_gmt":"2024-01-30T12:32:05","slug":"fio-luar-1733","status":"publish","type":"product","link":"https:\/\/euamotrico.com.br\/loja\/produto\/fio-luar-1733\/","title":{"rendered":"Fio Luar 1733"},"content":{"rendered":"<h2 class=\"produto-detalhe__subtitulo\">DADOS T\u00c9CNICOS<\/h2>\n<div class=\"produto-detalhe__conteudo\">\n<p>&nbsp;<\/p>\n<p>Composi\u00e7\u00e3o: 100% Acr\u00edlico<\/p>\n<p>Fio: 645 tex | 100 g | 155 m<\/p>\n<p>Agulha croch\u00ea: 3.5 mm a 5.0 mm<\/p>\n<p>Agulhas tric\u00f4: 5.0 mm a 7.0 mm<\/p>\n<p>Quantidade de Cores: 20<\/p>\n<p>Malha de Rendimento: 30 cm x 45 cm &#8211; Ag. Tric\u00f4 5.0 mm<\/p>\n<\/div>\n","protected":false},"excerpt":{"rendered":"<p>DADOS T\u00c9CNICOS &nbsp; Composi\u00e7\u00e3o: 100% Acr\u00edlico Fio: 645 tex | 100 g | 155 m Agulha croch\u00ea: 3.5 mm a 5.0 mm Agulhas tric\u00f4: 5.0 mm a 7.0 mm Quantidade de Cores: 20 Malha de Rendimento: 30 cm x 45 cm &#8211; Ag. Tric\u00f4 5.0 mm<\/p>\n","protected":false},"featured_media":5261,"comment_status":"open","ping_status":"closed","template":"","meta":[],"class_list":["post-5260","product","type-product","status-publish","has-post-thumbnail","hentry","product_cat-novelo","product_tag-novelo"],"jetpack_sharing_enabled":true,"_links":{"self":[{"href":"https:\/\/euamotrico.com.br\/loja\/wp-json\/wp\/v2\/product\/5260","targetHints":{"allow":["GET"]}}],"collection":[{"href":"https:\/\/euamotrico.com.br\/loja\/wp-json\/wp\/v2\/product"}],"about":[{"href":"https:\/\/euamotrico.com.br\/loja\/wp-json\/wp\/v2\/types\/product"}],"replies":[{"embeddable":true,"href":"https:\/\/euamotrico.com.br\/loja\/wp-json\/wp\/v2\/comments?post=5260"}],"version-history":[{"count":1,"href":"https:\/\/euamotrico.com.br\/loja\/wp-json\/wp\/v2\/product\/5260\/revisions"}],"predecessor-version":[{"id":5262,"href":"https:\/\/euamotrico.com.br\/loja\/wp-json\/wp\/v2\/product\/5260\/revisions\/5262"}],"wp:featuredmedia":[{"embeddable":true,"href":"https:\/\/euamotrico.com.br\/loja\/wp-json\/wp\/v2\/media\/5261"}],"wp:attachment":[{"href":"https:\/\/euamotrico.com.br\/loja\/wp-json\/wp\/v2\/media?parent=5260"}],"curies":[{"name":"wp","href":"https:\/\/api.w.org\/{rel}","templated":true}]}}