{"id":5263,"date":"2023-07-18T02:07:59","date_gmt":"2023-07-18T02:07:59","guid":{"rendered":"https:\/\/euamotrico.com.br\/loja\/?post_type=product&#038;p=5263"},"modified":"2024-01-30T12:29:55","modified_gmt":"2024-01-30T12:29:55","slug":"fio-docura-7939","status":"publish","type":"product","link":"https:\/\/euamotrico.com.br\/loja\/produto\/fio-docura-7939\/","title":{"rendered":"Fio Do\u00e7ura 7939"},"content":{"rendered":"<h2 class=\"produto-detalhe__subtitulo\">DADOS T\u00c9CNICOS<\/h2>\n<div class=\"produto-detalhe__conteudo\">\n<p>&nbsp;<\/p>\n<p>Tex 463<\/p>\n<p>Composi\u00e7\u00e3o: 100% Acr\u00edlico<\/p>\n<p>Comprimento e Peso: 216m e 100g<\/p>\n<p>Agulha para Croch\u00ea: 3mm a 5mm<\/p>\n<p>Agulha para Tric\u00f4: 3,5mm a 5mm<\/p>\n<p>Malha de Rendimento: 30cm x 58cm \u2013 Ag. Tric\u00f4 4mm<\/p>\n<\/div>\n","protected":false},"excerpt":{"rendered":"<p>DADOS T\u00c9CNICOS &nbsp; Tex 463 Composi\u00e7\u00e3o: 100% Acr\u00edlico Comprimento e Peso: 216m e 100g Agulha para Croch\u00ea: 3mm a 5mm Agulha para Tric\u00f4: 3,5mm a 5mm Malha de Rendimento: 30cm x 58cm \u2013 Ag. Tric\u00f4 4mm<\/p>\n","protected":false},"featured_media":5264,"comment_status":"open","ping_status":"closed","template":"","meta":[],"class_list":["post-5263","product","type-product","status-publish","has-post-thumbnail","hentry","product_cat-novelo","product_tag-novelo"],"jetpack_sharing_enabled":true,"_links":{"self":[{"href":"https:\/\/euamotrico.com.br\/loja\/wp-json\/wp\/v2\/product\/5263","targetHints":{"allow":["GET"]}}],"collection":[{"href":"https:\/\/euamotrico.com.br\/loja\/wp-json\/wp\/v2\/product"}],"about":[{"href":"https:\/\/euamotrico.com.br\/loja\/wp-json\/wp\/v2\/types\/product"}],"replies":[{"embeddable":true,"href":"https:\/\/euamotrico.com.br\/loja\/wp-json\/wp\/v2\/comments?post=5263"}],"version-history":[{"count":1,"href":"https:\/\/euamotrico.com.br\/loja\/wp-json\/wp\/v2\/product\/5263\/revisions"}],"predecessor-version":[{"id":5265,"href":"https:\/\/euamotrico.com.br\/loja\/wp-json\/wp\/v2\/product\/5263\/revisions\/5265"}],"wp:featuredmedia":[{"embeddable":true,"href":"https:\/\/euamotrico.com.br\/loja\/wp-json\/wp\/v2\/media\/5264"}],"wp:attachment":[{"href":"https:\/\/euamotrico.com.br\/loja\/wp-json\/wp\/v2\/media?parent=5263"}],"curies":[{"name":"wp","href":"https:\/\/api.w.org\/{rel}","templated":true}]}}