{"id":5322,"date":"2023-07-18T14:42:11","date_gmt":"2023-07-18T14:42:11","guid":{"rendered":"https:\/\/euamotrico.com.br\/loja\/?post_type=product&#038;p=5322"},"modified":"2024-01-30T12:29:30","modified_gmt":"2024-01-30T12:29:30","slug":"fio-amigurumi-7564","status":"publish","type":"product","link":"https:\/\/euamotrico.com.br\/loja\/produto\/fio-amigurumi-7564\/","title":{"rendered":"Fio Amigurumi 7564"},"content":{"rendered":"<h2 class=\"produto-detalhe__subtitulo\">DADOS T\u00c9CNICOS<\/h2>\n<div class=\"produto-detalhe__conteudo\">\n<p>Fio Ne 6\/5 &#8211; 492 Tex<\/p>\n<p>Composi\u00e7\u00e3o: 100% algod\u00e3o mercerizado<\/p>\n<p>Comprimento e Peso: 254 m e 125 g<\/p>\n<p>Agulhas para croch\u00ea: 2,0 mm a 4,0 mm<\/p>\n<p>Agulhas para tric\u00f4: 2,5 mm a 4,5 mm<\/p>\n<p>Agulha de tape\u00e7aria *sugest\u00e3o n\u00b0 16.00<\/p>\n<p>Quantidade de Cores: 66<\/p>\n<\/div>\n","protected":false},"excerpt":{"rendered":"<p>DADOS T\u00c9CNICOS Fio Ne 6\/5 &#8211; 492 Tex Composi\u00e7\u00e3o: 100% algod\u00e3o mercerizado Comprimento e Peso: 254 m e 125 g Agulhas para croch\u00ea: 2,0 mm a 4,0 mm Agulhas para tric\u00f4: 2,5 mm a 4,5 mm Agulha de tape\u00e7aria *sugest\u00e3o n\u00b0 16.00 Quantidade de Cores: 66<\/p>\n","protected":false},"featured_media":5323,"comment_status":"open","ping_status":"closed","template":"","meta":[],"class_list":["post-5322","product","type-product","status-publish","has-post-thumbnail","hentry","product_cat-novelo"],"jetpack_sharing_enabled":true,"_links":{"self":[{"href":"https:\/\/euamotrico.com.br\/loja\/wp-json\/wp\/v2\/product\/5322","targetHints":{"allow":["GET"]}}],"collection":[{"href":"https:\/\/euamotrico.com.br\/loja\/wp-json\/wp\/v2\/product"}],"about":[{"href":"https:\/\/euamotrico.com.br\/loja\/wp-json\/wp\/v2\/types\/product"}],"replies":[{"embeddable":true,"href":"https:\/\/euamotrico.com.br\/loja\/wp-json\/wp\/v2\/comments?post=5322"}],"version-history":[{"count":1,"href":"https:\/\/euamotrico.com.br\/loja\/wp-json\/wp\/v2\/product\/5322\/revisions"}],"predecessor-version":[{"id":5324,"href":"https:\/\/euamotrico.com.br\/loja\/wp-json\/wp\/v2\/product\/5322\/revisions\/5324"}],"wp:featuredmedia":[{"embeddable":true,"href":"https:\/\/euamotrico.com.br\/loja\/wp-json\/wp\/v2\/media\/5323"}],"wp:attachment":[{"href":"https:\/\/euamotrico.com.br\/loja\/wp-json\/wp\/v2\/media?parent=5322"}],"curies":[{"name":"wp","href":"https:\/\/api.w.org\/{rel}","templated":true}]}}