{"id":5329,"date":"2023-07-18T14:46:40","date_gmt":"2023-07-18T14:46:40","guid":{"rendered":"https:\/\/euamotrico.com.br\/loja\/?post_type=product&#038;p=5329"},"modified":"2023-08-11T14:30:44","modified_gmt":"2023-08-11T14:30:44","slug":"agulha-circular-45-80cm","status":"publish","type":"product","link":"https:\/\/euamotrico.com.br\/loja\/produto\/agulha-circular-45-80cm\/","title":{"rendered":"Agulha Circular de Bambu 4,5 (80cm)"},"content":{"rendered":"<h2 class=\"produto-detalhe__subtitulo\">DADOS T\u00c9CNICOS<\/h2>\n<div class=\"produto-detalhe__conteudo\">\n<p>Composi\u00e7\u00e3o: agulha de bambu e cabo de a\u00e7o inoxid\u00e1vel.<\/p>\n<p>Comprimento: 60 cm, 80 cm e 100 cm.<\/p>\n<p>Tamanhos: 3,0 mm &#8211; 3,5 mm &#8211; 4,0 mm &#8211; 4,5 mm &#8211; 5,0 mm &#8211; 6,0 mm &#8211; 7,0 mm &#8211; 8,0 mm &#8211; 9,0 mm e 10,0 mm.<\/p>\n<p>*A numera\u00e7\u00e3o \u00e9 gravada a laser na agulha.<\/p>\n<\/div>\n","protected":false},"excerpt":{"rendered":"<p>DADOS T\u00c9CNICOS Composi\u00e7\u00e3o: agulha de bambu e cabo de a\u00e7o inoxid\u00e1vel. Comprimento: 60 cm, 80 cm e 100 cm. Tamanhos: 3,0 mm &#8211; 3,5 mm &#8211; 4,0 mm &#8211; 4,5 mm &#8211; 5,0 mm &#8211; 6,0 mm &#8211; 7,0 mm &#8211; 8,0 mm &#8211; 9,0 mm e 10,0 mm. *A numera\u00e7\u00e3o \u00e9 gravada a laser &hellip;<\/p>\n<p class=\"read-more\"> <a class=\"\" href=\"https:\/\/euamotrico.com.br\/loja\/produto\/agulha-circular-45-80cm\/\"> <span class=\"screen-reader-text\">Agulha Circular de Bambu 4,5 (80cm)<\/span> Leia mais &raquo;<\/a><\/p>\n","protected":false},"featured_media":5331,"comment_status":"open","ping_status":"closed","template":"","meta":[],"class_list":["post-5329","product","type-product","status-publish","has-post-thumbnail","hentry","product_cat-agulhas"],"jetpack_sharing_enabled":true,"_links":{"self":[{"href":"https:\/\/euamotrico.com.br\/loja\/wp-json\/wp\/v2\/product\/5329","targetHints":{"allow":["GET"]}}],"collection":[{"href":"https:\/\/euamotrico.com.br\/loja\/wp-json\/wp\/v2\/product"}],"about":[{"href":"https:\/\/euamotrico.com.br\/loja\/wp-json\/wp\/v2\/types\/product"}],"replies":[{"embeddable":true,"href":"https:\/\/euamotrico.com.br\/loja\/wp-json\/wp\/v2\/comments?post=5329"}],"version-history":[{"count":1,"href":"https:\/\/euamotrico.com.br\/loja\/wp-json\/wp\/v2\/product\/5329\/revisions"}],"predecessor-version":[{"id":5332,"href":"https:\/\/euamotrico.com.br\/loja\/wp-json\/wp\/v2\/product\/5329\/revisions\/5332"}],"wp:featuredmedia":[{"embeddable":true,"href":"https:\/\/euamotrico.com.br\/loja\/wp-json\/wp\/v2\/media\/5331"}],"wp:attachment":[{"href":"https:\/\/euamotrico.com.br\/loja\/wp-json\/wp\/v2\/media?parent=5329"}],"curies":[{"name":"wp","href":"https:\/\/api.w.org\/{rel}","templated":true}]}}