{"id":5336,"date":"2023-07-18T14:51:46","date_gmt":"2023-07-18T14:51:46","guid":{"rendered":"https:\/\/euamotrico.com.br\/loja\/?post_type=product&#038;p=5336"},"modified":"2023-08-12T01:55:34","modified_gmt":"2023-08-12T01:55:34","slug":"fio-hobby-baby-e-kids-5577","status":"publish","type":"product","link":"https:\/\/euamotrico.com.br\/loja\/produto\/fio-hobby-baby-e-kids-5577\/","title":{"rendered":"Fio Hobby Baby e Kids 5577"},"content":{"rendered":"<h2 class=\"produto-detalhe__subtitulo\">DADOS T\u00c9CNICOS<\/h2>\n<div class=\"produto-detalhe__conteudo\">\n<p>Fio: 400 Tex<\/p>\n<p>Composi\u00e7\u00e3o: 100% Acr\u00edlico<\/p>\n<p>Comprimento e Peso: 250 m e 100 g<\/p>\n<p>Agulhas Para Croch\u00ea: 2,5 mm a 4,0 mm<\/p>\n<p>Agulhas Para Tric\u00f4: 4,0 mm a 6,0 mm<\/p>\n<p>Quantidade de Cores: 21<\/p>\n<p>Malha de Rendimento: 30 cm x 84 cm &#8211; Ag. Tric\u00f4 5.0 mm<\/p>\n<\/div>\n","protected":false},"excerpt":{"rendered":"<p>DADOS T\u00c9CNICOS Fio: 400 Tex Composi\u00e7\u00e3o: 100% Acr\u00edlico Comprimento e Peso: 250 m e 100 g Agulhas Para Croch\u00ea: 2,5 mm a 4,0 mm Agulhas Para Tric\u00f4: 4,0 mm a 6,0 mm Quantidade de Cores: 21 Malha de Rendimento: 30 cm x 84 cm &#8211; Ag. Tric\u00f4 5.0 mm<\/p>\n","protected":false},"featured_media":5337,"comment_status":"open","ping_status":"closed","template":"","meta":[],"class_list":["post-5336","product","type-product","status-publish","has-post-thumbnail","hentry","product_cat-novelo","product_tag-novelo"],"jetpack_sharing_enabled":true,"_links":{"self":[{"href":"https:\/\/euamotrico.com.br\/loja\/wp-json\/wp\/v2\/product\/5336","targetHints":{"allow":["GET"]}}],"collection":[{"href":"https:\/\/euamotrico.com.br\/loja\/wp-json\/wp\/v2\/product"}],"about":[{"href":"https:\/\/euamotrico.com.br\/loja\/wp-json\/wp\/v2\/types\/product"}],"replies":[{"embeddable":true,"href":"https:\/\/euamotrico.com.br\/loja\/wp-json\/wp\/v2\/comments?post=5336"}],"version-history":[{"count":1,"href":"https:\/\/euamotrico.com.br\/loja\/wp-json\/wp\/v2\/product\/5336\/revisions"}],"predecessor-version":[{"id":5338,"href":"https:\/\/euamotrico.com.br\/loja\/wp-json\/wp\/v2\/product\/5336\/revisions\/5338"}],"wp:featuredmedia":[{"embeddable":true,"href":"https:\/\/euamotrico.com.br\/loja\/wp-json\/wp\/v2\/media\/5337"}],"wp:attachment":[{"href":"https:\/\/euamotrico.com.br\/loja\/wp-json\/wp\/v2\/media?parent=5336"}],"curies":[{"name":"wp","href":"https:\/\/api.w.org\/{rel}","templated":true}]}}