{"id":5350,"date":"2023-07-18T17:54:19","date_gmt":"2023-07-18T17:54:19","guid":{"rendered":"https:\/\/euamotrico.com.br\/loja\/?post_type=product&#038;p=5350"},"modified":"2024-01-30T12:28:49","modified_gmt":"2024-01-30T12:28:49","slug":"fio-camila-fashion-00046","status":"publish","type":"product","link":"https:\/\/euamotrico.com.br\/loja\/produto\/fio-camila-fashion-00046\/","title":{"rendered":"Fio Camila Fashion 00046"},"content":{"rendered":"<h6>DESCRI\u00c7\u00c3O<\/h6>\n<div class=\"descricao hide\">\n<div class=\"productDescription\">\n<p>Linha Camila Fashion<\/p>\n<p>Composi\u00e7\u00e3o: 100% Algod\u00e3o Mercerizado<br \/>\nCont\u00e9m: 500m<br \/>\nTex: 300<\/p>\n<p>Ideal para a confec\u00e7\u00e3o de pe\u00e7as de vestu\u00e1rio. Tamb\u00e9m pode ser utilizada para trabalhos de decora\u00e7\u00e3o e macram\u00e9. Devido a sua espessura, pode ser utilizada para a confec\u00e7\u00e3o de pe\u00e7as em tric\u00f4 manual.<\/p>\n<p><b>Fabricante:\u00a0<\/b>Corrente<\/p>\n<\/div>\n<\/div>\n","protected":false},"excerpt":{"rendered":"<p>DESCRI\u00c7\u00c3O Linha Camila Fashion Composi\u00e7\u00e3o: 100% Algod\u00e3o Mercerizado Cont\u00e9m: 500m Tex: 300 Ideal para a confec\u00e7\u00e3o de pe\u00e7as de vestu\u00e1rio. Tamb\u00e9m pode ser utilizada para trabalhos de decora\u00e7\u00e3o e macram\u00e9. Devido a sua espessura, pode ser utilizada para a confec\u00e7\u00e3o de pe\u00e7as em tric\u00f4 manual. Fabricante:\u00a0Corrente<\/p>\n","protected":false},"featured_media":5359,"comment_status":"open","ping_status":"closed","template":"","meta":[],"class_list":["post-5350","product","type-product","status-publish","has-post-thumbnail","hentry","product_cat-novelo","product_tag-novelo"],"jetpack_sharing_enabled":true,"_links":{"self":[{"href":"https:\/\/euamotrico.com.br\/loja\/wp-json\/wp\/v2\/product\/5350","targetHints":{"allow":["GET"]}}],"collection":[{"href":"https:\/\/euamotrico.com.br\/loja\/wp-json\/wp\/v2\/product"}],"about":[{"href":"https:\/\/euamotrico.com.br\/loja\/wp-json\/wp\/v2\/types\/product"}],"replies":[{"embeddable":true,"href":"https:\/\/euamotrico.com.br\/loja\/wp-json\/wp\/v2\/comments?post=5350"}],"version-history":[{"count":3,"href":"https:\/\/euamotrico.com.br\/loja\/wp-json\/wp\/v2\/product\/5350\/revisions"}],"predecessor-version":[{"id":5354,"href":"https:\/\/euamotrico.com.br\/loja\/wp-json\/wp\/v2\/product\/5350\/revisions\/5354"}],"wp:featuredmedia":[{"embeddable":true,"href":"https:\/\/euamotrico.com.br\/loja\/wp-json\/wp\/v2\/media\/5359"}],"wp:attachment":[{"href":"https:\/\/euamotrico.com.br\/loja\/wp-json\/wp\/v2\/media?parent=5350"}],"curies":[{"name":"wp","href":"https:\/\/api.w.org\/{rel}","templated":true}]}}