{"id":5360,"date":"2023-07-18T18:11:26","date_gmt":"2023-07-18T18:11:26","guid":{"rendered":"https:\/\/euamotrico.com.br\/loja\/?post_type=product&#038;p=5360"},"modified":"2023-08-01T18:36:10","modified_gmt":"2023-08-01T18:36:10","slug":"kit-croche-com-estoko-acessorios","status":"publish","type":"product","link":"https:\/\/euamotrico.com.br\/loja\/produto\/kit-croche-com-estoko-acessorios\/","title":{"rendered":"Kit Para Croch\u00ea com Estojo e Acess\u00f3rios"},"content":{"rendered":"<p>Kit completo para croch\u00ea<br \/>\n<strong>O KIT \u00c9 COMPOSTO POR:<\/strong><\/p>\n<p>8 Agulhas Soft coloridas com o cabo anat\u00f4mico que facilita o manuseio nas medidas.<br \/>\n1 -2.5mm<br \/>\n1 -3.0mm<br \/>\n1 -3.5mm<br \/>\n1 -4.0mm<br \/>\n1 -4.5mm<br \/>\n1 -5.0mm<br \/>\n1 -5.5mm<br \/>\n1 -6.0mm<\/p>\n<p>8 Agulhas com o cabo azul nas medidas<br \/>\n1 -0.6mm<br \/>\n1 -0.75mm<br \/>\n1 -0.90mm<br \/>\n1 -1.10mm<br \/>\n1 -1.20mm<br \/>\n1 -1.50mm<br \/>\n1 -1.60mm<br \/>\n1 -1.75mm<\/p>\n<p>1 &#8211; Tesoura de arremate<br \/>\n1 &#8211; Dedal Dourado<br \/>\n1 &#8211; Fita M\u00e9trica<br \/>\n1 &#8211; contador de ponto pequeno<br \/>\n1 &#8211; contador de ponto grande<br \/>\n3 &#8211; Agulhas Crooked<br \/>\n4 &#8211; Agulhas coloridas plasticas para costura<br \/>\n2 &#8211; Ponteiras grandes de silicone para agulhas<br \/>\n2 &#8211; Ponteiras pequenas de silicone para agulhas<br \/>\n5 &#8211; Marcador de ponto circular grande verde<br \/>\n5 &#8211; Marcador de ponto circular pequeno rosa<br \/>\n6 &#8211; Acompanha Estojo organizador<\/p>\n","protected":false},"excerpt":{"rendered":"<p>Kit completo para croch\u00ea O KIT \u00c9 COMPOSTO POR: 8 Agulhas Soft coloridas com o cabo anat\u00f4mico que facilita o manuseio nas medidas. 1 -2.5mm 1 -3.0mm 1 -3.5mm 1 -4.0mm 1 -4.5mm 1 -5.0mm 1 -5.5mm 1 -6.0mm 8 Agulhas com o cabo azul nas medidas 1 -0.6mm 1 -0.75mm 1 -0.90mm 1 -1.10mm &hellip;<\/p>\n<p class=\"read-more\"> <a class=\"\" href=\"https:\/\/euamotrico.com.br\/loja\/produto\/kit-croche-com-estoko-acessorios\/\"> <span class=\"screen-reader-text\">Kit Para Croch\u00ea com Estojo e Acess\u00f3rios<\/span> Leia mais &raquo;<\/a><\/p>\n","protected":false},"featured_media":5361,"comment_status":"open","ping_status":"closed","template":"","meta":[],"class_list":["post-5360","product","type-product","status-publish","has-post-thumbnail","hentry","product_cat-agulhas","product_tag-novelo"],"jetpack_sharing_enabled":true,"_links":{"self":[{"href":"https:\/\/euamotrico.com.br\/loja\/wp-json\/wp\/v2\/product\/5360","targetHints":{"allow":["GET"]}}],"collection":[{"href":"https:\/\/euamotrico.com.br\/loja\/wp-json\/wp\/v2\/product"}],"about":[{"href":"https:\/\/euamotrico.com.br\/loja\/wp-json\/wp\/v2\/types\/product"}],"replies":[{"embeddable":true,"href":"https:\/\/euamotrico.com.br\/loja\/wp-json\/wp\/v2\/comments?post=5360"}],"version-history":[{"count":1,"href":"https:\/\/euamotrico.com.br\/loja\/wp-json\/wp\/v2\/product\/5360\/revisions"}],"predecessor-version":[{"id":5366,"href":"https:\/\/euamotrico.com.br\/loja\/wp-json\/wp\/v2\/product\/5360\/revisions\/5366"}],"wp:featuredmedia":[{"embeddable":true,"href":"https:\/\/euamotrico.com.br\/loja\/wp-json\/wp\/v2\/media\/5361"}],"wp:attachment":[{"href":"https:\/\/euamotrico.com.br\/loja\/wp-json\/wp\/v2\/media?parent=5360"}],"curies":[{"name":"wp","href":"https:\/\/api.w.org\/{rel}","templated":true}]}}