{"id":5394,"date":"2023-07-27T19:59:49","date_gmt":"2023-07-27T19:59:49","guid":{"rendered":"https:\/\/euamotrico.com.br\/loja\/?post_type=product&#038;p=5394"},"modified":"2024-01-30T12:28:30","modified_gmt":"2024-01-30T12:28:30","slug":"fio-angora-9245","status":"publish","type":"product","link":"https:\/\/euamotrico.com.br\/loja\/produto\/fio-angora-9245\/","title":{"rendered":"Fio Angor\u00e1 9245"},"content":{"rendered":"<div class=\"descricao\">\n<p>Angor\u00e1 \u00e9 um acr\u00edlico diferenciado 100% poli\u00e9ster que tem 14 cores supervers\u00e1teis na cartela e uma maciez inigual\u00e1vel! Com volume e textura extremamente confort\u00e1veis, cada pe\u00e7a com Angor\u00e1 ser\u00e1 um show \u00e0 parte de estilo e conforto neste inverno.<\/p>\n<p><strong>\u00a0<span style=\"font-size: 17px;\">DADOS T\u00c9CNICOS<\/span><\/strong><\/p>\n<\/div>\n<div class=\"dados_tecnicos\">\n<p>Fio: 1666 Tex<br \/>\nComposi\u00e7\u00e3o: 100% Poli\u00e9ster<br \/>\nComprimento e Peso: 60m e 100g<br \/>\nAgulhas Para Croch\u00ea: 7,0mm a 9,0mm<br \/>\nAgulhas Para Tric\u00f4: 12,0mm a 14,0mm<\/p>\n<\/div>\n","protected":false},"excerpt":{"rendered":"<p>Angor\u00e1 \u00e9 um acr\u00edlico diferenciado 100% poli\u00e9ster que tem 14 cores supervers\u00e1teis na cartela e uma maciez inigual\u00e1vel! Com volume e textura extremamente confort\u00e1veis, cada pe\u00e7a com Angor\u00e1 ser\u00e1 um show \u00e0 parte de estilo e conforto neste inverno. \u00a0DADOS T\u00c9CNICOS Fio: 1666 Tex Composi\u00e7\u00e3o: 100% Poli\u00e9ster Comprimento e Peso: 60m e 100g Agulhas Para &hellip;<\/p>\n<p class=\"read-more\"> <a class=\"\" href=\"https:\/\/euamotrico.com.br\/loja\/produto\/fio-angora-9245\/\"> <span class=\"screen-reader-text\">Fio Angor\u00e1 9245<\/span> Leia mais &raquo;<\/a><\/p>\n","protected":false},"featured_media":5395,"comment_status":"open","ping_status":"closed","template":"","meta":[],"class_list":["post-5394","product","type-product","status-publish","has-post-thumbnail","hentry","product_cat-novelo"],"jetpack_sharing_enabled":true,"_links":{"self":[{"href":"https:\/\/euamotrico.com.br\/loja\/wp-json\/wp\/v2\/product\/5394","targetHints":{"allow":["GET"]}}],"collection":[{"href":"https:\/\/euamotrico.com.br\/loja\/wp-json\/wp\/v2\/product"}],"about":[{"href":"https:\/\/euamotrico.com.br\/loja\/wp-json\/wp\/v2\/types\/product"}],"replies":[{"embeddable":true,"href":"https:\/\/euamotrico.com.br\/loja\/wp-json\/wp\/v2\/comments?post=5394"}],"version-history":[{"count":2,"href":"https:\/\/euamotrico.com.br\/loja\/wp-json\/wp\/v2\/product\/5394\/revisions"}],"predecessor-version":[{"id":5397,"href":"https:\/\/euamotrico.com.br\/loja\/wp-json\/wp\/v2\/product\/5394\/revisions\/5397"}],"wp:featuredmedia":[{"embeddable":true,"href":"https:\/\/euamotrico.com.br\/loja\/wp-json\/wp\/v2\/media\/5395"}],"wp:attachment":[{"href":"https:\/\/euamotrico.com.br\/loja\/wp-json\/wp\/v2\/media?parent=5394"}],"curies":[{"name":"wp","href":"https:\/\/api.w.org\/{rel}","templated":true}]}}