{"id":5398,"date":"2023-07-27T20:01:00","date_gmt":"2023-07-27T20:01:00","guid":{"rendered":"https:\/\/euamotrico.com.br\/loja\/?post_type=product&#038;p=5398"},"modified":"2023-08-12T11:57:50","modified_gmt":"2023-08-12T11:57:50","slug":"fio-persa-7989","status":"publish","type":"product","link":"https:\/\/euamotrico.com.br\/loja\/produto\/fio-persa-7989\/","title":{"rendered":"Fio Persa 7989"},"content":{"rendered":"<h2 class=\"produto-detalhe__subtitulo\">DADOS T\u00c9CNICOS<\/h2>\n<div class=\"produto-detalhe__conteudo\">\n<p><strong>Composi\u00e7\u00e3o:\u00a0<\/strong>100% Poli\u00e9ster<br \/>\n<strong>Metragem:\u00a0<\/strong>35m<\/p>\n<p><strong>Peso:<\/strong> 200g<br \/>\n<strong>Tex:\u00a0<\/strong>5714<br \/>\n<strong>Agulha Recomendada:\u00a0<\/strong>Tric\u00f4 &#8211; 18,0 a 20,0 mm | Croch\u00ea &#8211; 15,0 a 18,0 mm<\/p>\n<p><strong>Fabricante:\u00a0<\/strong>C\u00edrculo<\/p>\n<\/div>\n","protected":false},"excerpt":{"rendered":"<p>DADOS T\u00c9CNICOS Composi\u00e7\u00e3o:\u00a0100% Poli\u00e9ster Metragem:\u00a035m Peso: 200g Tex:\u00a05714 Agulha Recomendada:\u00a0Tric\u00f4 &#8211; 18,0 a 20,0 mm | Croch\u00ea &#8211; 15,0 a 18,0 mm Fabricante:\u00a0C\u00edrculo<\/p>\n","protected":false},"featured_media":5399,"comment_status":"open","ping_status":"closed","template":"","meta":[],"class_list":["post-5398","product","type-product","status-publish","has-post-thumbnail","hentry","product_cat-novelo","product_tag-novelo"],"jetpack_sharing_enabled":true,"_links":{"self":[{"href":"https:\/\/euamotrico.com.br\/loja\/wp-json\/wp\/v2\/product\/5398","targetHints":{"allow":["GET"]}}],"collection":[{"href":"https:\/\/euamotrico.com.br\/loja\/wp-json\/wp\/v2\/product"}],"about":[{"href":"https:\/\/euamotrico.com.br\/loja\/wp-json\/wp\/v2\/types\/product"}],"replies":[{"embeddable":true,"href":"https:\/\/euamotrico.com.br\/loja\/wp-json\/wp\/v2\/comments?post=5398"}],"version-history":[{"count":1,"href":"https:\/\/euamotrico.com.br\/loja\/wp-json\/wp\/v2\/product\/5398\/revisions"}],"predecessor-version":[{"id":5400,"href":"https:\/\/euamotrico.com.br\/loja\/wp-json\/wp\/v2\/product\/5398\/revisions\/5400"}],"wp:featuredmedia":[{"embeddable":true,"href":"https:\/\/euamotrico.com.br\/loja\/wp-json\/wp\/v2\/media\/5399"}],"wp:attachment":[{"href":"https:\/\/euamotrico.com.br\/loja\/wp-json\/wp\/v2\/media?parent=5398"}],"curies":[{"name":"wp","href":"https:\/\/api.w.org\/{rel}","templated":true}]}}