{"id":5401,"date":"2023-07-27T20:04:33","date_gmt":"2023-07-27T20:04:33","guid":{"rendered":"https:\/\/euamotrico.com.br\/loja\/?post_type=product&#038;p=5401"},"modified":"2024-01-30T12:28:25","modified_gmt":"2024-01-30T12:28:25","slug":"kit-amigurumi-bichinhos-dorminhocos-hipopotamo","status":"publish","type":"product","link":"https:\/\/euamotrico.com.br\/loja\/produto\/kit-amigurumi-bichinhos-dorminhocos-hipopotamo\/","title":{"rendered":"Kit Amigurumi Bichinhos Dorminhocos &#8211; Hipop\u00f3tamo"},"content":{"rendered":"<div class=\"produto-detalhe__conteudo\">\n<p>O Kit Amigurumi &#8211; Bichinhos Dorminhocos conta com cinco modelos superfofos: Cachorro, Coala, Gatinho, Hipop\u00f3tamo e Ursinho. Todos os kits cont\u00eam todo o material necess\u00e1rio para a produ\u00e7\u00e3o de amigurumis sonolentos e apaixonantes! Confeccionados com o fio Amigurumi Pel\u00facia.<\/p>\n<p>&nbsp;<\/p>\n<p><strong>DADOS T\u00c9CNICOS<\/strong><\/p>\n<p>Este kit cont\u00e9m:<br \/>\n1 novelo de Amigurumi Pel\u00facia<\/p>\n<p>1 meada de 4 metros de Amigurumi Maxi<\/p>\n<p>Agulha para croch\u00ea &#8211; 3,5 mm<\/p>\n<p>Agulha de tape\u00e7aria n\u00ba 14,<\/p>\n<p>Fibra de enchimento &#8211; 40 g<\/p>\n<p>Marcador de ponto Cadeado.<\/p>\n<\/div>\n","protected":false},"excerpt":{"rendered":"<p>O Kit Amigurumi &#8211; Bichinhos Dorminhocos conta com cinco modelos superfofos: Cachorro, Coala, Gatinho, Hipop\u00f3tamo e Ursinho. Todos os kits cont\u00eam todo o material necess\u00e1rio para a produ\u00e7\u00e3o de amigurumis sonolentos e apaixonantes! Confeccionados com o fio Amigurumi Pel\u00facia. &nbsp; DADOS T\u00c9CNICOS Este kit cont\u00e9m: 1 novelo de Amigurumi Pel\u00facia 1 meada de 4 metros &hellip;<\/p>\n<p class=\"read-more\"> <a class=\"\" href=\"https:\/\/euamotrico.com.br\/loja\/produto\/kit-amigurumi-bichinhos-dorminhocos-hipopotamo\/\"> <span class=\"screen-reader-text\">Kit Amigurumi Bichinhos Dorminhocos &#8211; Hipop\u00f3tamo<\/span> Leia mais &raquo;<\/a><\/p>\n","protected":false},"featured_media":5402,"comment_status":"open","ping_status":"closed","template":"","meta":[],"class_list":["post-5401","product","type-product","status-publish","has-post-thumbnail","hentry","product_cat-novelo","product_tag-novelo"],"jetpack_sharing_enabled":true,"_links":{"self":[{"href":"https:\/\/euamotrico.com.br\/loja\/wp-json\/wp\/v2\/product\/5401","targetHints":{"allow":["GET"]}}],"collection":[{"href":"https:\/\/euamotrico.com.br\/loja\/wp-json\/wp\/v2\/product"}],"about":[{"href":"https:\/\/euamotrico.com.br\/loja\/wp-json\/wp\/v2\/types\/product"}],"replies":[{"embeddable":true,"href":"https:\/\/euamotrico.com.br\/loja\/wp-json\/wp\/v2\/comments?post=5401"}],"version-history":[{"count":1,"href":"https:\/\/euamotrico.com.br\/loja\/wp-json\/wp\/v2\/product\/5401\/revisions"}],"predecessor-version":[{"id":5403,"href":"https:\/\/euamotrico.com.br\/loja\/wp-json\/wp\/v2\/product\/5401\/revisions\/5403"}],"wp:featuredmedia":[{"embeddable":true,"href":"https:\/\/euamotrico.com.br\/loja\/wp-json\/wp\/v2\/media\/5402"}],"wp:attachment":[{"href":"https:\/\/euamotrico.com.br\/loja\/wp-json\/wp\/v2\/media?parent=5401"}],"curies":[{"name":"wp","href":"https:\/\/api.w.org\/{rel}","templated":true}]}}