{"id":5404,"date":"2023-07-27T20:07:29","date_gmt":"2023-07-27T20:07:29","guid":{"rendered":"https:\/\/euamotrico.com.br\/loja\/?post_type=product&#038;p=5404"},"modified":"2024-01-30T12:27:39","modified_gmt":"2024-01-30T12:27:39","slug":"kit-amigurumi-bichinhos-cahorro","status":"publish","type":"product","link":"https:\/\/euamotrico.com.br\/loja\/produto\/kit-amigurumi-bichinhos-cahorro\/","title":{"rendered":"Kit Amigurumi Bichinhos Dorminhocos &#8211; Cachorro"},"content":{"rendered":"<div class=\"produto-detalhe__conteudo\">\n<p>O Kit Amigurumi &#8211; Bichinhos Dorminhocos conta com cinco modelos superfofos: Cachorro, Coala, Gatinho, Hipop\u00f3tamo e Ursinho. Todos os kits cont\u00eam todo o material necess\u00e1rio para a produ\u00e7\u00e3o de amigurumis sonolentos e apaixonantes! Confeccionados com o fio Amigurumi Pel\u00facia.<\/p>\n<p>&nbsp;<\/p>\n<p><strong>DADOS T\u00c9CNICOS<\/strong><\/p>\n<p>Este kit cont\u00e9m:<br \/>\n\u2013 01 Novelo de Amigurumi Pel\u00facia 85g | 100% Poli\u00e9ster | Tex 645<br \/>\n\u2013 01 Meada de Amigurumi Maxi 4m | 100% Algod\u00e3o | Tex 1181<br \/>\n\u2013 01 Agulha de Croch\u00ea 3,5mm | 100% Alum\u00ednio | Comprimento 14,3cm<br \/>\n\u2013 40 Gramas de Fibra Para Enchimento | 100% Poli\u00e9ster<br \/>\n\u2013 01 Marcador de Ponto | 100% Pl\u00e1stico<br \/>\n\u2013 01 Agulha de Tape\u00e7aria 14mm | 100% A\u00e7o | Comprimento 5,8cm<br \/>\n\u2013 Acompanha Receita No Verso<\/p>\n<\/div>\n","protected":false},"excerpt":{"rendered":"<p>O Kit Amigurumi &#8211; Bichinhos Dorminhocos conta com cinco modelos superfofos: Cachorro, Coala, Gatinho, Hipop\u00f3tamo e Ursinho. Todos os kits cont\u00eam todo o material necess\u00e1rio para a produ\u00e7\u00e3o de amigurumis sonolentos e apaixonantes! Confeccionados com o fio Amigurumi Pel\u00facia. &nbsp; DADOS T\u00c9CNICOS Este kit cont\u00e9m: \u2013 01 Novelo de Amigurumi Pel\u00facia 85g | 100% Poli\u00e9ster &hellip;<\/p>\n<p class=\"read-more\"> <a class=\"\" href=\"https:\/\/euamotrico.com.br\/loja\/produto\/kit-amigurumi-bichinhos-cahorro\/\"> <span class=\"screen-reader-text\">Kit Amigurumi Bichinhos Dorminhocos &#8211; Cachorro<\/span> Leia mais &raquo;<\/a><\/p>\n","protected":false},"featured_media":5405,"comment_status":"open","ping_status":"closed","template":"","meta":[],"class_list":["post-5404","product","type-product","status-publish","has-post-thumbnail","hentry","product_cat-novelo","product_tag-novelo"],"jetpack_sharing_enabled":true,"_links":{"self":[{"href":"https:\/\/euamotrico.com.br\/loja\/wp-json\/wp\/v2\/product\/5404","targetHints":{"allow":["GET"]}}],"collection":[{"href":"https:\/\/euamotrico.com.br\/loja\/wp-json\/wp\/v2\/product"}],"about":[{"href":"https:\/\/euamotrico.com.br\/loja\/wp-json\/wp\/v2\/types\/product"}],"replies":[{"embeddable":true,"href":"https:\/\/euamotrico.com.br\/loja\/wp-json\/wp\/v2\/comments?post=5404"}],"version-history":[{"count":1,"href":"https:\/\/euamotrico.com.br\/loja\/wp-json\/wp\/v2\/product\/5404\/revisions"}],"predecessor-version":[{"id":5406,"href":"https:\/\/euamotrico.com.br\/loja\/wp-json\/wp\/v2\/product\/5404\/revisions\/5406"}],"wp:featuredmedia":[{"embeddable":true,"href":"https:\/\/euamotrico.com.br\/loja\/wp-json\/wp\/v2\/media\/5405"}],"wp:attachment":[{"href":"https:\/\/euamotrico.com.br\/loja\/wp-json\/wp\/v2\/media?parent=5404"}],"curies":[{"name":"wp","href":"https:\/\/api.w.org\/{rel}","templated":true}]}}