{"id":5407,"date":"2023-07-27T20:10:22","date_gmt":"2023-07-27T20:10:22","guid":{"rendered":"https:\/\/euamotrico.com.br\/loja\/?post_type=product&#038;p=5407"},"modified":"2023-08-04T21:53:35","modified_gmt":"2023-08-04T21:53:35","slug":"fio-diamante-baby-5393","status":"publish","type":"product","link":"https:\/\/euamotrico.com.br\/loja\/produto\/fio-diamante-baby-5393\/","title":{"rendered":"Fio Diamante Baby 5393"},"content":{"rendered":"<h2 class=\"produto-detalhe__subtitulo\">DADOS T\u00c9CNICOS<\/h2>\n<p>Fio Diamante Baby C\u00edrculo 100g<\/p>\n<p>Diamante Baby \u00e9 a op\u00e7\u00e3o que faltava para as suas cria\u00e7\u00f5es de moda infantil! Al\u00e9m de ter um formato inovador em diamante, ele tem tons desenvolvidos para trazer modernidade e beleza as pe\u00e7as. As cores possuem o efeito de mescla de tonalidades contrastantes, estampadas em um fio delicado.<\/p>\n<p>Composi\u00e7\u00e3o: 100% Acr\u00edlico<br \/>\nMetragem: 350m<br \/>\nTex: 285<br \/>\nAgulha Recomendada: Tric\u00f4 &#8211; 3,5 a 5,0mm | Croch\u00ea &#8211; 2,5 a 4,0mm<\/p>\n<p>Fabricante: C\u00edrculo<\/p>\n","protected":false},"excerpt":{"rendered":"<p>DADOS T\u00c9CNICOS Fio Diamante Baby C\u00edrculo 100g Diamante Baby \u00e9 a op\u00e7\u00e3o que faltava para as suas cria\u00e7\u00f5es de moda infantil! Al\u00e9m de ter um formato inovador em diamante, ele tem tons desenvolvidos para trazer modernidade e beleza as pe\u00e7as. As cores possuem o efeito de mescla de tonalidades contrastantes, estampadas em um fio delicado. &hellip;<\/p>\n<p class=\"read-more\"> <a class=\"\" href=\"https:\/\/euamotrico.com.br\/loja\/produto\/fio-diamante-baby-5393\/\"> <span class=\"screen-reader-text\">Fio Diamante Baby 5393<\/span> Leia mais &raquo;<\/a><\/p>\n","protected":false},"featured_media":5408,"comment_status":"open","ping_status":"closed","template":"","meta":[],"class_list":["post-5407","product","type-product","status-publish","has-post-thumbnail","hentry","product_cat-novelo","product_tag-novelo"],"jetpack_sharing_enabled":true,"_links":{"self":[{"href":"https:\/\/euamotrico.com.br\/loja\/wp-json\/wp\/v2\/product\/5407","targetHints":{"allow":["GET"]}}],"collection":[{"href":"https:\/\/euamotrico.com.br\/loja\/wp-json\/wp\/v2\/product"}],"about":[{"href":"https:\/\/euamotrico.com.br\/loja\/wp-json\/wp\/v2\/types\/product"}],"replies":[{"embeddable":true,"href":"https:\/\/euamotrico.com.br\/loja\/wp-json\/wp\/v2\/comments?post=5407"}],"version-history":[{"count":1,"href":"https:\/\/euamotrico.com.br\/loja\/wp-json\/wp\/v2\/product\/5407\/revisions"}],"predecessor-version":[{"id":5409,"href":"https:\/\/euamotrico.com.br\/loja\/wp-json\/wp\/v2\/product\/5407\/revisions\/5409"}],"wp:featuredmedia":[{"embeddable":true,"href":"https:\/\/euamotrico.com.br\/loja\/wp-json\/wp\/v2\/media\/5408"}],"wp:attachment":[{"href":"https:\/\/euamotrico.com.br\/loja\/wp-json\/wp\/v2\/media?parent=5407"}],"curies":[{"name":"wp","href":"https:\/\/api.w.org\/{rel}","templated":true}]}}