{"id":5410,"date":"2023-07-27T20:15:12","date_gmt":"2023-07-27T20:15:12","guid":{"rendered":"https:\/\/euamotrico.com.br\/loja\/?post_type=product&#038;p=5410"},"modified":"2023-08-12T01:55:34","modified_gmt":"2023-08-12T01:55:34","slug":"fio-hobby-3334","status":"publish","type":"product","link":"https:\/\/euamotrico.com.br\/loja\/produto\/fio-hobby-3334\/","title":{"rendered":"Fio Hobby 3334"},"content":{"rendered":"<h2 class=\"produto-detalhe__subtitulo\">DADOS T\u00c9CNICOS<\/h2>\n<div class=\"produto-detalhe__conteudo\">\n<p>&nbsp;<\/p>\n<div class=\"produto-detalhe__conteudo\">\n<p>Fio: 625 Tex<\/p>\n<p>Composi\u00e7\u00e3o: 100% Acr\u00edlico<\/p>\n<p>Comprimento e Peso: 160m e 100g<\/p>\n<p>Agulhas Para Croch\u00ea: 4,0mm a 6,0mm<\/p>\n<p>Agulhas Para Tric\u00f4: 5,0mm a 7,0mm<\/p>\n<p>Quantidade de Cores: 34<\/p>\n<\/div>\n<p><a class=\"site-btn imprimir-pagina\" href=\"https:\/\/www.circulo.com.br\/produtos\/diferenciados-2023-1\/hobby\">Cartela de cores<\/a><\/p>\n<\/div>\n","protected":false},"excerpt":{"rendered":"<p>DADOS T\u00c9CNICOS &nbsp; Fio: 625 Tex Composi\u00e7\u00e3o: 100% Acr\u00edlico Comprimento e Peso: 160m e 100g Agulhas Para Croch\u00ea: 4,0mm a 6,0mm Agulhas Para Tric\u00f4: 5,0mm a 7,0mm Quantidade de Cores: 34 Cartela de cores<\/p>\n","protected":false},"featured_media":5411,"comment_status":"open","ping_status":"closed","template":"","meta":[],"class_list":["post-5410","product","type-product","status-publish","has-post-thumbnail","hentry","product_cat-novelo","product_tag-novelo"],"jetpack_sharing_enabled":true,"_links":{"self":[{"href":"https:\/\/euamotrico.com.br\/loja\/wp-json\/wp\/v2\/product\/5410","targetHints":{"allow":["GET"]}}],"collection":[{"href":"https:\/\/euamotrico.com.br\/loja\/wp-json\/wp\/v2\/product"}],"about":[{"href":"https:\/\/euamotrico.com.br\/loja\/wp-json\/wp\/v2\/types\/product"}],"replies":[{"embeddable":true,"href":"https:\/\/euamotrico.com.br\/loja\/wp-json\/wp\/v2\/comments?post=5410"}],"version-history":[{"count":1,"href":"https:\/\/euamotrico.com.br\/loja\/wp-json\/wp\/v2\/product\/5410\/revisions"}],"predecessor-version":[{"id":5412,"href":"https:\/\/euamotrico.com.br\/loja\/wp-json\/wp\/v2\/product\/5410\/revisions\/5412"}],"wp:featuredmedia":[{"embeddable":true,"href":"https:\/\/euamotrico.com.br\/loja\/wp-json\/wp\/v2\/media\/5411"}],"wp:attachment":[{"href":"https:\/\/euamotrico.com.br\/loja\/wp-json\/wp\/v2\/media?parent=5410"}],"curies":[{"name":"wp","href":"https:\/\/api.w.org\/{rel}","templated":true}]}}