{"id":5417,"date":"2023-07-27T20:21:55","date_gmt":"2023-07-27T20:21:55","guid":{"rendered":"https:\/\/euamotrico.com.br\/loja\/?post_type=product&#038;p=5417"},"modified":"2024-01-30T12:27:45","modified_gmt":"2024-01-30T12:27:45","slug":"fio-classic-pull-3955","status":"publish","type":"product","link":"https:\/\/euamotrico.com.br\/loja\/produto\/fio-classic-pull-3955\/","title":{"rendered":"Fio Classic Pull 3955"},"content":{"rendered":"<h2 class=\"produto-detalhe__subtitulo\">DADOS T\u00c9CNICOS<\/h2>\n<p>&nbsp;<\/p>\n<div class=\"produto-detalhe__conteudo\">\n<p>Composi\u00e7\u00e3o: 100% Acr\u00edlico<br \/>\nMetragem: 330 metros<br \/>\nPeso: 200g<br \/>\nTex: 606<br \/>\nAgulha Recomendada: Tric\u00f4 &#8211; 4,0 a 6,0 mm | Croch\u00ea &#8211; 3,5 a 5,5 mm<br \/>\nFabricante: C\u00edrculo<\/p>\n<p>Agulhas de Tric\u00f4:<br \/>\nTric\u00f4 &#8211; 4,0 a 6,0 mm | Croch\u00ea &#8211; 3,5 a 5,5 mm<\/p>\n<\/div>\n","protected":false},"excerpt":{"rendered":"<p>DADOS T\u00c9CNICOS &nbsp; Composi\u00e7\u00e3o: 100% Acr\u00edlico Metragem: 330 metros Peso: 200g Tex: 606 Agulha Recomendada: Tric\u00f4 &#8211; 4,0 a 6,0 mm | Croch\u00ea &#8211; 3,5 a 5,5 mm Fabricante: C\u00edrculo Agulhas de Tric\u00f4: Tric\u00f4 &#8211; 4,0 a 6,0 mm | Croch\u00ea &#8211; 3,5 a 5,5 mm<\/p>\n","protected":false},"featured_media":5418,"comment_status":"open","ping_status":"closed","template":"","meta":[],"class_list":["post-5417","product","type-product","status-publish","has-post-thumbnail","hentry","product_cat-novelo","product_tag-novelo"],"jetpack_sharing_enabled":true,"_links":{"self":[{"href":"https:\/\/euamotrico.com.br\/loja\/wp-json\/wp\/v2\/product\/5417","targetHints":{"allow":["GET"]}}],"collection":[{"href":"https:\/\/euamotrico.com.br\/loja\/wp-json\/wp\/v2\/product"}],"about":[{"href":"https:\/\/euamotrico.com.br\/loja\/wp-json\/wp\/v2\/types\/product"}],"replies":[{"embeddable":true,"href":"https:\/\/euamotrico.com.br\/loja\/wp-json\/wp\/v2\/comments?post=5417"}],"version-history":[{"count":1,"href":"https:\/\/euamotrico.com.br\/loja\/wp-json\/wp\/v2\/product\/5417\/revisions"}],"predecessor-version":[{"id":5419,"href":"https:\/\/euamotrico.com.br\/loja\/wp-json\/wp\/v2\/product\/5417\/revisions\/5419"}],"wp:featuredmedia":[{"embeddable":true,"href":"https:\/\/euamotrico.com.br\/loja\/wp-json\/wp\/v2\/media\/5418"}],"wp:attachment":[{"href":"https:\/\/euamotrico.com.br\/loja\/wp-json\/wp\/v2\/media?parent=5417"}],"curies":[{"name":"wp","href":"https:\/\/api.w.org\/{rel}","templated":true}]}}