{"id":5420,"date":"2023-07-27T20:25:10","date_gmt":"2023-07-27T20:25:10","guid":{"rendered":"https:\/\/euamotrico.com.br\/loja\/?post_type=product&#038;p=5420"},"modified":"2024-01-30T12:27:30","modified_gmt":"2024-01-30T12:27:30","slug":"fio-veludo-molhado-4229","status":"publish","type":"product","link":"https:\/\/euamotrico.com.br\/loja\/produto\/fio-veludo-molhado-4229\/","title":{"rendered":"Fio Veludo Molhado 4229"},"content":{"rendered":"<h2 class=\"produto-detalhe__subtitulo\">DADOS T\u00c9CNICOS<\/h2>\n<div class=\"produto-detalhe__conteudo\">\n<p>&nbsp;<\/p>\n<div class=\"produto-detalhe__conteudo\">\n<p>TEX 1000<\/p>\n<p>Composi\u00e7\u00e3o: 100% Poli\u00e9ster<\/p>\n<p>Comprimento e Peso: 100m e 100g<\/p>\n<p>Agulhas Para Croch\u00ea: 6,0mm a 5,0mm<\/p>\n<p>Agulhas Para Tric\u00f4: 6,0mm a 8,0mm<\/p>\n<\/div>\n<\/div>\n","protected":false},"excerpt":{"rendered":"<p>DADOS T\u00c9CNICOS &nbsp; TEX 1000 Composi\u00e7\u00e3o: 100% Poli\u00e9ster Comprimento e Peso: 100m e 100g Agulhas Para Croch\u00ea: 6,0mm a 5,0mm Agulhas Para Tric\u00f4: 6,0mm a 8,0mm<\/p>\n","protected":false},"featured_media":5421,"comment_status":"open","ping_status":"closed","template":"","meta":[],"class_list":["post-5420","product","type-product","status-publish","has-post-thumbnail","hentry","product_cat-novelo","product_tag-novelo"],"jetpack_sharing_enabled":true,"_links":{"self":[{"href":"https:\/\/euamotrico.com.br\/loja\/wp-json\/wp\/v2\/product\/5420","targetHints":{"allow":["GET"]}}],"collection":[{"href":"https:\/\/euamotrico.com.br\/loja\/wp-json\/wp\/v2\/product"}],"about":[{"href":"https:\/\/euamotrico.com.br\/loja\/wp-json\/wp\/v2\/types\/product"}],"replies":[{"embeddable":true,"href":"https:\/\/euamotrico.com.br\/loja\/wp-json\/wp\/v2\/comments?post=5420"}],"version-history":[{"count":1,"href":"https:\/\/euamotrico.com.br\/loja\/wp-json\/wp\/v2\/product\/5420\/revisions"}],"predecessor-version":[{"id":5422,"href":"https:\/\/euamotrico.com.br\/loja\/wp-json\/wp\/v2\/product\/5420\/revisions\/5422"}],"wp:featuredmedia":[{"embeddable":true,"href":"https:\/\/euamotrico.com.br\/loja\/wp-json\/wp\/v2\/media\/5421"}],"wp:attachment":[{"href":"https:\/\/euamotrico.com.br\/loja\/wp-json\/wp\/v2\/media?parent=5420"}],"curies":[{"name":"wp","href":"https:\/\/api.w.org\/{rel}","templated":true}]}}