{"id":5430,"date":"2023-07-27T20:38:57","date_gmt":"2023-07-27T20:38:57","guid":{"rendered":"https:\/\/euamotrico.com.br\/loja\/?post_type=product&#038;p=5430"},"modified":"2024-01-30T12:28:08","modified_gmt":"2024-01-30T12:28:08","slug":"agulhas-retas-4-5mm-25cm","status":"publish","type":"product","link":"https:\/\/euamotrico.com.br\/loja\/produto\/agulhas-retas-4-5mm-25cm\/","title":{"rendered":"Agulhas Retas 4.5mm (25cm)"},"content":{"rendered":"<h2 class=\"produto-detalhe__subtitulo\">DADOS T\u00c9CNICOS<\/h2>\n<div class=\"produto-detalhe__conteudo\">\n<h2><span class=\"product-name\">Agulha para Tric\u00f4 Pl\u00e1stica Circulo 25cm<\/span><\/h2>\n<div class=\"details-content\">Agulha para Tric\u00f4 Pl\u00e1stica Circulo<br \/>\nCont\u00e9m : 1 par (pl\u00e1stica)<br \/>\nComprimento: 25 cm<\/div>\n<\/div>\n","protected":false},"excerpt":{"rendered":"<p>DADOS T\u00c9CNICOS Agulha para Tric\u00f4 Pl\u00e1stica Circulo 25cm Agulha para Tric\u00f4 Pl\u00e1stica Circulo Cont\u00e9m : 1 par (pl\u00e1stica) Comprimento: 25 cm<\/p>\n","protected":false},"featured_media":5432,"comment_status":"open","ping_status":"closed","template":"","meta":[],"class_list":["post-5430","product","type-product","status-publish","has-post-thumbnail","hentry","product_cat-agulhas"],"jetpack_sharing_enabled":true,"_links":{"self":[{"href":"https:\/\/euamotrico.com.br\/loja\/wp-json\/wp\/v2\/product\/5430","targetHints":{"allow":["GET"]}}],"collection":[{"href":"https:\/\/euamotrico.com.br\/loja\/wp-json\/wp\/v2\/product"}],"about":[{"href":"https:\/\/euamotrico.com.br\/loja\/wp-json\/wp\/v2\/types\/product"}],"replies":[{"embeddable":true,"href":"https:\/\/euamotrico.com.br\/loja\/wp-json\/wp\/v2\/comments?post=5430"}],"version-history":[{"count":1,"href":"https:\/\/euamotrico.com.br\/loja\/wp-json\/wp\/v2\/product\/5430\/revisions"}],"predecessor-version":[{"id":5433,"href":"https:\/\/euamotrico.com.br\/loja\/wp-json\/wp\/v2\/product\/5430\/revisions\/5433"}],"wp:featuredmedia":[{"embeddable":true,"href":"https:\/\/euamotrico.com.br\/loja\/wp-json\/wp\/v2\/media\/5432"}],"wp:attachment":[{"href":"https:\/\/euamotrico.com.br\/loja\/wp-json\/wp\/v2\/media?parent=5430"}],"curies":[{"name":"wp","href":"https:\/\/api.w.org\/{rel}","templated":true}]}}