{"id":5570,"date":"2023-08-18T11:30:11","date_gmt":"2023-08-18T11:30:11","guid":{"rendered":"https:\/\/euamotrico.com.br\/loja\/?post_type=product&#038;p=5570"},"modified":"2024-01-30T12:26:47","modified_gmt":"2024-01-30T12:26:47","slug":"barroco-decore-luxo-6006","status":"publish","type":"product","link":"https:\/\/euamotrico.com.br\/loja\/produto\/barroco-decore-luxo-6006\/","title":{"rendered":"Barroco Decore Luxo 6006"},"content":{"rendered":"<p><strong>Barbante Barroco Decore Luxo 280g<\/strong><\/p>\n<p><strong>Composi\u00e7\u00e3o:<\/strong> 51% Algod\u00e3o, 49% Poli\u00e9ster &#8211; Tex: 1553<br \/>\n<strong>Cont\u00e9m:<\/strong> 180m<br \/>\n<strong>Agulha Recomendada:<\/strong> Croch\u00ea &#8211; 4,5 a 6,0 mm<\/p>\n<p><strong>Fabricante:<\/strong> C\u00edrculo<\/p>\n<p>Agregue muito mais valor \u00e0s suas pe\u00e7as usando o novo e poderoso Barroco Decore Luxo.<br \/>\nIdeal para tape\u00e7aria, o Barroco Decore Luxo possui pelos mais alongados do que o Barroco Decore, garantindo mais requinte e sofistica\u00e7\u00e3o para os trabalhos manuais.<\/p>\n<p>Se voc\u00ea gosta de sofistica\u00e7\u00e3o na hora de decorar, este fio foi feito pra voc\u00ea!<br \/>\nOs detalhes e efeito de pelo (em cores lisas e mescladas) fazem toda a diferen\u00e7a e deixam o trabalho super diferenciado. Use-o tamb\u00e9m como base ou como um complemento especial para pe\u00e7as feitas com outros fios.<\/p>\n","protected":false},"excerpt":{"rendered":"<p>Barbante Barroco Decore Luxo 280g Composi\u00e7\u00e3o: 51% Algod\u00e3o, 49% Poli\u00e9ster &#8211; Tex: 1553 Cont\u00e9m: 180m Agulha Recomendada: Croch\u00ea &#8211; 4,5 a 6,0 mm Fabricante: C\u00edrculo Agregue muito mais valor \u00e0s suas pe\u00e7as usando o novo e poderoso Barroco Decore Luxo. Ideal para tape\u00e7aria, o Barroco Decore Luxo possui pelos mais alongados do que o Barroco &hellip;<\/p>\n<p class=\"read-more\"> <a class=\"\" href=\"https:\/\/euamotrico.com.br\/loja\/produto\/barroco-decore-luxo-6006\/\"> <span class=\"screen-reader-text\">Barroco Decore Luxo 6006<\/span> Leia mais &raquo;<\/a><\/p>\n","protected":false},"featured_media":5571,"comment_status":"open","ping_status":"closed","template":"","meta":[],"class_list":["post-5570","product","type-product","status-publish","has-post-thumbnail","hentry","product_cat-novelo"],"jetpack_sharing_enabled":true,"_links":{"self":[{"href":"https:\/\/euamotrico.com.br\/loja\/wp-json\/wp\/v2\/product\/5570","targetHints":{"allow":["GET"]}}],"collection":[{"href":"https:\/\/euamotrico.com.br\/loja\/wp-json\/wp\/v2\/product"}],"about":[{"href":"https:\/\/euamotrico.com.br\/loja\/wp-json\/wp\/v2\/types\/product"}],"replies":[{"embeddable":true,"href":"https:\/\/euamotrico.com.br\/loja\/wp-json\/wp\/v2\/comments?post=5570"}],"version-history":[{"count":1,"href":"https:\/\/euamotrico.com.br\/loja\/wp-json\/wp\/v2\/product\/5570\/revisions"}],"predecessor-version":[{"id":5572,"href":"https:\/\/euamotrico.com.br\/loja\/wp-json\/wp\/v2\/product\/5570\/revisions\/5572"}],"wp:featuredmedia":[{"embeddable":true,"href":"https:\/\/euamotrico.com.br\/loja\/wp-json\/wp\/v2\/media\/5571"}],"wp:attachment":[{"href":"https:\/\/euamotrico.com.br\/loja\/wp-json\/wp\/v2\/media?parent=5570"}],"curies":[{"name":"wp","href":"https:\/\/api.w.org\/{rel}","templated":true}]}}