{"id":5579,"date":"2023-08-18T11:41:44","date_gmt":"2023-08-18T11:41:44","guid":{"rendered":"https:\/\/euamotrico.com.br\/loja\/?post_type=product&#038;p=5579"},"modified":"2024-01-30T12:26:34","modified_gmt":"2024-01-30T12:26:34","slug":"fio-africa-9830","status":"publish","type":"product","link":"https:\/\/euamotrico.com.br\/loja\/produto\/fio-africa-9830\/","title":{"rendered":"Fio Africa 9830"},"content":{"rendered":"<p><strong>Fio \u00c1frica C\u00edrculo<\/strong> 100g<\/p>\n<p><strong>Composi\u00e7\u00e3o:<\/strong> 100% Acr\u00edlico<br \/>\n<strong>Metragem:<\/strong> 190m<br \/>\n<strong>TEX:<\/strong> 526<br \/>\n<strong>Agulhas Recomendadas:<\/strong> Tric\u00f4 &#8211; 4,5 a 6,0 mm | Croch\u00ea &#8211; 3,5 a 4,5 mm<\/p>\n<p><strong>Malha de Rendimento:<\/strong> 30 x 70 cm \u2013 Ag. Tric\u00f4 6,0mm<\/p>\n<p><strong>Fabricante:<\/strong> C\u00edrculo<\/p>\n<p>Com um lindo efeito zebrado, \u00c1frica chegou na cole\u00e7\u00e3o de fios Diferenciados 2023 para um inverno moderno e elegante.<\/p>\n<p>E isso tudo sem esquecer do essencial da esta\u00e7\u00e3o: toque suave e maciez que abra\u00e7am!<\/p>\n<p>&nbsp;<\/p>\n","protected":false},"excerpt":{"rendered":"<p>Fio \u00c1frica C\u00edrculo 100g Composi\u00e7\u00e3o: 100% Acr\u00edlico Metragem: 190m TEX: 526 Agulhas Recomendadas: Tric\u00f4 &#8211; 4,5 a 6,0 mm | Croch\u00ea &#8211; 3,5 a 4,5 mm Malha de Rendimento: 30 x 70 cm \u2013 Ag. Tric\u00f4 6,0mm Fabricante: C\u00edrculo Com um lindo efeito zebrado, \u00c1frica chegou na cole\u00e7\u00e3o de fios Diferenciados 2023 para um inverno &hellip;<\/p>\n<p class=\"read-more\"> <a class=\"\" href=\"https:\/\/euamotrico.com.br\/loja\/produto\/fio-africa-9830\/\"> <span class=\"screen-reader-text\">Fio Africa 9830<\/span> Leia mais &raquo;<\/a><\/p>\n","protected":false},"featured_media":5580,"comment_status":"open","ping_status":"closed","template":"","meta":[],"class_list":["post-5579","product","type-product","status-publish","has-post-thumbnail","hentry","product_cat-novelo"],"jetpack_sharing_enabled":true,"_links":{"self":[{"href":"https:\/\/euamotrico.com.br\/loja\/wp-json\/wp\/v2\/product\/5579","targetHints":{"allow":["GET"]}}],"collection":[{"href":"https:\/\/euamotrico.com.br\/loja\/wp-json\/wp\/v2\/product"}],"about":[{"href":"https:\/\/euamotrico.com.br\/loja\/wp-json\/wp\/v2\/types\/product"}],"replies":[{"embeddable":true,"href":"https:\/\/euamotrico.com.br\/loja\/wp-json\/wp\/v2\/comments?post=5579"}],"version-history":[{"count":1,"href":"https:\/\/euamotrico.com.br\/loja\/wp-json\/wp\/v2\/product\/5579\/revisions"}],"predecessor-version":[{"id":5581,"href":"https:\/\/euamotrico.com.br\/loja\/wp-json\/wp\/v2\/product\/5579\/revisions\/5581"}],"wp:featuredmedia":[{"embeddable":true,"href":"https:\/\/euamotrico.com.br\/loja\/wp-json\/wp\/v2\/media\/5580"}],"wp:attachment":[{"href":"https:\/\/euamotrico.com.br\/loja\/wp-json\/wp\/v2\/media?parent=5579"}],"curies":[{"name":"wp","href":"https:\/\/api.w.org\/{rel}","templated":true}]}}