{"id":5582,"date":"2023-08-18T11:44:36","date_gmt":"2023-08-18T11:44:36","guid":{"rendered":"https:\/\/euamotrico.com.br\/loja\/?post_type=product&#038;p=5582"},"modified":"2024-01-30T12:26:29","modified_gmt":"2024-01-30T12:26:29","slug":"fio-prisma-9738","status":"publish","type":"product","link":"https:\/\/euamotrico.com.br\/loja\/produto\/fio-prisma-9738\/","title":{"rendered":"Fio Prisma 9738"},"content":{"rendered":"<p><strong>Linha Prisma C\u00edrculo<\/strong> 150g &#8211; 600m<\/p>\n<p><strong>Composi\u00e7\u00e3o:<\/strong> 50% Acr\u00edlico &#8211; 50% Algod\u00e3o<br \/>\n<strong>Metragem:<\/strong> 600m<br \/>\n<strong>Tex:<\/strong> 250 &#8211; Fio Ne2,36<br \/>\n<strong>Agulha Recomendada:<\/strong> Tric\u00f4 &#8211; 3,0 a 4,5 mm | Croch\u00ea &#8211; 2,5 a 3,5 mm<\/p>\n<p><strong>Fabricante:<\/strong> C\u00edrculo<\/p>\n<p>Voc\u00ea j\u00e1 ouviu falar em Prisma? \u00c9 um elemento transparente que pode ser usado para separar a luz nas cores do arco-\u00edris. Essa caracter\u00edstica \u00fanica foi a fonte de inspira\u00e7\u00e3o para um tipo de fio que \u00e9 grande sucesso na Europa e chega agora ao Brasil.<\/p>\n<p>O produto Prisma \u00e9 composto por 50% algod\u00e3o e 50% acr\u00edlico. Possui quatro cabos sem tor\u00e7\u00e3o e ao confeccionar pe\u00e7as em croch\u00ea ou tric\u00f4 \u00e9 necess\u00e1rio trabalhar com todos simultaneamente. Cada cabo \u00e9 estampado de forma diferente para compor incr\u00edveis transi\u00e7\u00f5es de cores em gradiente.<\/p>\n<p>&nbsp;<\/p>\n","protected":false},"excerpt":{"rendered":"<p>Linha Prisma C\u00edrculo 150g &#8211; 600m Composi\u00e7\u00e3o: 50% Acr\u00edlico &#8211; 50% Algod\u00e3o Metragem: 600m Tex: 250 &#8211; Fio Ne2,36 Agulha Recomendada: Tric\u00f4 &#8211; 3,0 a 4,5 mm | Croch\u00ea &#8211; 2,5 a 3,5 mm Fabricante: C\u00edrculo Voc\u00ea j\u00e1 ouviu falar em Prisma? \u00c9 um elemento transparente que pode ser usado para separar a luz nas &hellip;<\/p>\n<p class=\"read-more\"> <a class=\"\" href=\"https:\/\/euamotrico.com.br\/loja\/produto\/fio-prisma-9738\/\"> <span class=\"screen-reader-text\">Fio Prisma 9738<\/span> Leia mais &raquo;<\/a><\/p>\n","protected":false},"featured_media":5583,"comment_status":"open","ping_status":"closed","template":"","meta":[],"class_list":["post-5582","product","type-product","status-publish","has-post-thumbnail","hentry","product_cat-novelo"],"jetpack_sharing_enabled":true,"_links":{"self":[{"href":"https:\/\/euamotrico.com.br\/loja\/wp-json\/wp\/v2\/product\/5582","targetHints":{"allow":["GET"]}}],"collection":[{"href":"https:\/\/euamotrico.com.br\/loja\/wp-json\/wp\/v2\/product"}],"about":[{"href":"https:\/\/euamotrico.com.br\/loja\/wp-json\/wp\/v2\/types\/product"}],"replies":[{"embeddable":true,"href":"https:\/\/euamotrico.com.br\/loja\/wp-json\/wp\/v2\/comments?post=5582"}],"version-history":[{"count":1,"href":"https:\/\/euamotrico.com.br\/loja\/wp-json\/wp\/v2\/product\/5582\/revisions"}],"predecessor-version":[{"id":5584,"href":"https:\/\/euamotrico.com.br\/loja\/wp-json\/wp\/v2\/product\/5582\/revisions\/5584"}],"wp:featuredmedia":[{"embeddable":true,"href":"https:\/\/euamotrico.com.br\/loja\/wp-json\/wp\/v2\/media\/5583"}],"wp:attachment":[{"href":"https:\/\/euamotrico.com.br\/loja\/wp-json\/wp\/v2\/media?parent=5582"}],"curies":[{"name":"wp","href":"https:\/\/api.w.org\/{rel}","templated":true}]}}