{"id":5594,"date":"2023-08-18T11:50:00","date_gmt":"2023-08-18T11:50:00","guid":{"rendered":"https:\/\/euamotrico.com.br\/loja\/?post_type=product&#038;p=5594"},"modified":"2024-01-30T12:25:55","modified_gmt":"2024-01-30T12:25:55","slug":"fio-magic-pull-8653","status":"publish","type":"product","link":"https:\/\/euamotrico.com.br\/loja\/produto\/fio-magic-pull-8653\/","title":{"rendered":"Fio Magic Pull 8653"},"content":{"rendered":"<h2 class=\"produto-detalhe__subtitulo\">DADOS T\u00c9CNICOS<\/h2>\n<div class=\"produto-detalhe__conteudo\">\n<p>Fio: 653 Tex<\/p>\n<p>Composi\u00e7\u00e3o: 100% Acr\u00edlico<\/p>\n<p>Comprimento e Peso: 306m e 200g<\/p>\n<p>Agulhas Para Croch\u00ea: 4,0mm a 6,0mm<\/p>\n<p>Agulhas Para Tric\u00f4: 6,0mm a 8,0mm<\/p>\n<p>Quantidade de Cores: 28<\/p>\n<p>Malha de Rendimento: 30 cm x 140 cm &#8211; Ag. Tric\u00f4 7.0 mm<\/p>\n<\/div>\n","protected":false},"excerpt":{"rendered":"<p>DADOS T\u00c9CNICOS Fio: 653 Tex Composi\u00e7\u00e3o: 100% Acr\u00edlico Comprimento e Peso: 306m e 200g Agulhas Para Croch\u00ea: 4,0mm a 6,0mm Agulhas Para Tric\u00f4: 6,0mm a 8,0mm Quantidade de Cores: 28 Malha de Rendimento: 30 cm x 140 cm &#8211; Ag. Tric\u00f4 7.0 mm<\/p>\n","protected":false},"featured_media":5591,"comment_status":"open","ping_status":"closed","template":"","meta":[],"class_list":["post-5594","product","type-product","status-publish","has-post-thumbnail","hentry","product_cat-novelo","product_tag-novelo"],"jetpack_sharing_enabled":true,"_links":{"self":[{"href":"https:\/\/euamotrico.com.br\/loja\/wp-json\/wp\/v2\/product\/5594","targetHints":{"allow":["GET"]}}],"collection":[{"href":"https:\/\/euamotrico.com.br\/loja\/wp-json\/wp\/v2\/product"}],"about":[{"href":"https:\/\/euamotrico.com.br\/loja\/wp-json\/wp\/v2\/types\/product"}],"replies":[{"embeddable":true,"href":"https:\/\/euamotrico.com.br\/loja\/wp-json\/wp\/v2\/comments?post=5594"}],"version-history":[{"count":1,"href":"https:\/\/euamotrico.com.br\/loja\/wp-json\/wp\/v2\/product\/5594\/revisions"}],"predecessor-version":[{"id":5595,"href":"https:\/\/euamotrico.com.br\/loja\/wp-json\/wp\/v2\/product\/5594\/revisions\/5595"}],"wp:featuredmedia":[{"embeddable":true,"href":"https:\/\/euamotrico.com.br\/loja\/wp-json\/wp\/v2\/media\/5591"}],"wp:attachment":[{"href":"https:\/\/euamotrico.com.br\/loja\/wp-json\/wp\/v2\/media?parent=5594"}],"curies":[{"name":"wp","href":"https:\/\/api.w.org\/{rel}","templated":true}]}}