{"id":5602,"date":"2023-08-18T11:54:21","date_gmt":"2023-08-18T11:54:21","guid":{"rendered":"https:\/\/euamotrico.com.br\/loja\/?post_type=product&#038;p=5602"},"modified":"2024-01-30T12:25:37","modified_gmt":"2024-01-30T12:25:37","slug":"fio-ternura-3549","status":"publish","type":"product","link":"https:\/\/euamotrico.com.br\/loja\/produto\/fio-ternura-3549\/","title":{"rendered":"Fio Ternura 3549"},"content":{"rendered":"<p><strong>Fio Ternura<\/strong> 100g<\/p>\n<p><strong>Composi\u00e7\u00e3o:<\/strong> 100% Poli\u00e9ster<br \/>\n<strong>Cont\u00e9m:<\/strong> 230m<br \/>\n<strong>TEX:<\/strong> 434<br \/>\n<strong>Agulha Recomendada:<\/strong> Tric\u00f4 &#8211; 5,5 mm a 7,0 mm | Croch\u00ea &#8211; 3,0 mm a 5,0 mm<\/p>\n<p><strong>Fabricante:<\/strong> C\u00edrculo<\/p>\n<p>O toque suave que s\u00f3 o Ternura tem j\u00e1 encantou artes\u00e3s de todo o Brasil, o que faz com que ele seja sempre um sucesso nos meses de temperaturas mais baixas. A maciez do produto faz com que as pe\u00e7as transmitam a sensa\u00e7\u00e3o de conforto, al\u00e9m de ser ideal para pe\u00e7as de tric\u00f4 adulto e infantil.<\/p>\n<p>&nbsp;<\/p>\n","protected":false},"excerpt":{"rendered":"<p>Fio Ternura 100g Composi\u00e7\u00e3o: 100% Poli\u00e9ster Cont\u00e9m: 230m TEX: 434 Agulha Recomendada: Tric\u00f4 &#8211; 5,5 mm a 7,0 mm | Croch\u00ea &#8211; 3,0 mm a 5,0 mm Fabricante: C\u00edrculo O toque suave que s\u00f3 o Ternura tem j\u00e1 encantou artes\u00e3s de todo o Brasil, o que faz com que ele seja sempre um sucesso nos &hellip;<\/p>\n<p class=\"read-more\"> <a class=\"\" href=\"https:\/\/euamotrico.com.br\/loja\/produto\/fio-ternura-3549\/\"> <span class=\"screen-reader-text\">Fio Ternura 3549<\/span> Leia mais &raquo;<\/a><\/p>\n","protected":false},"featured_media":5603,"comment_status":"open","ping_status":"closed","template":"","meta":[],"class_list":["post-5602","product","type-product","status-publish","has-post-thumbnail","hentry","product_cat-novelo"],"jetpack_sharing_enabled":true,"_links":{"self":[{"href":"https:\/\/euamotrico.com.br\/loja\/wp-json\/wp\/v2\/product\/5602","targetHints":{"allow":["GET"]}}],"collection":[{"href":"https:\/\/euamotrico.com.br\/loja\/wp-json\/wp\/v2\/product"}],"about":[{"href":"https:\/\/euamotrico.com.br\/loja\/wp-json\/wp\/v2\/types\/product"}],"replies":[{"embeddable":true,"href":"https:\/\/euamotrico.com.br\/loja\/wp-json\/wp\/v2\/comments?post=5602"}],"version-history":[{"count":1,"href":"https:\/\/euamotrico.com.br\/loja\/wp-json\/wp\/v2\/product\/5602\/revisions"}],"predecessor-version":[{"id":5604,"href":"https:\/\/euamotrico.com.br\/loja\/wp-json\/wp\/v2\/product\/5602\/revisions\/5604"}],"wp:featuredmedia":[{"embeddable":true,"href":"https:\/\/euamotrico.com.br\/loja\/wp-json\/wp\/v2\/media\/5603"}],"wp:attachment":[{"href":"https:\/\/euamotrico.com.br\/loja\/wp-json\/wp\/v2\/media?parent=5602"}],"curies":[{"name":"wp","href":"https:\/\/api.w.org\/{rel}","templated":true}]}}