{"id":5641,"date":"2023-10-09T13:13:25","date_gmt":"2023-10-09T13:13:25","guid":{"rendered":"https:\/\/euamotrico.com.br\/loja\/?post_type=product&#038;p=5641"},"modified":"2024-01-30T12:25:05","modified_gmt":"2024-01-30T12:25:05","slug":"fio-tango-9626","status":"publish","type":"product","link":"https:\/\/euamotrico.com.br\/loja\/produto\/fio-tango-9626\/","title":{"rendered":"Fio Tango 9626"},"content":{"rendered":"<h2 class=\"produto-detalhe__subtitulo\">DADOS T\u00c9CNICOS<\/h2>\n<p>Fio Tango C\u00edrculo 200g<\/p>\n<p>O Fio Tango da C\u00edrculo \u00e9 uma op\u00e7\u00e3o incr\u00edvel para dar vida e cores vibrantes \u00e0s suas pe\u00e7as de inverno! Com sua textura e toque diferenciados, este multicolor impressiona pela linda combina\u00e7\u00e3o de cores que traz em si, proporcionando um efeito visual espetacular \u00e0s suas cria\u00e7\u00f5es. Al\u00e9m disso, seu material 100% poli\u00e9ster traz a suavidade e maciez necess\u00e1rias para criar pe\u00e7as elegantes e cheias de estilo.<\/p>\n<p>Com uma metragem de 194m e TEX 1031, \u00e9 ideal para o uso de agulhas de tric\u00f4 entre 5 a 8mm e croch\u00ea entre 3 a 5mm. Um \u00fanico novelo \u00e9 capaz de fazer uma malha de 30 cm x 80 cm usando agulha de tric\u00f4 5,0mm, o Fio Tango \u00e9 vers\u00e1til e pode ser utilizado em diversos projetos de tric\u00f4 e croch\u00ea, desde pe\u00e7as de vestu\u00e1rio at\u00e9 acess\u00f3rios decorativos.<\/p>\n<p>Ele foi desenvolvido pela renomada marca C\u00edrculo, sin\u00f4nimo de qualidade e inova\u00e7\u00e3o no mercado de artigos para artesanato. N\u00e3o perca a chance de ter pe\u00e7as incr\u00edveis e \u00fanicas com este fio maravilhoso! Sinta-se inspirado e crie pe\u00e7as exclusivas com o Fio Tango da C\u00edrculo.<\/p>\n<p><b>Composi\u00e7\u00e3o:<\/b>\u00a0100% Poli\u00e9ster<br \/>\n<b>Metragem:<\/b>\u00a0194 metros<br \/>\n<b>TEX:<\/b>\u00a01031<br \/>\n<b>Agulhas Recomendadas:<\/b>\u00a0Tric\u00f4 &#8211; 5 a 8mm | Croch\u00ea &#8211; 3 a 5mm<\/p>\n<p><strong>Malha de Rendimento:<\/strong> 30 cm x 80 cm \u2013 Ag. Tric\u00f4 5,0mm<\/p>\n","protected":false},"excerpt":{"rendered":"<p>DADOS T\u00c9CNICOS Fio Tango C\u00edrculo 200g O Fio Tango da C\u00edrculo \u00e9 uma op\u00e7\u00e3o incr\u00edvel para dar vida e cores vibrantes \u00e0s suas pe\u00e7as de inverno! Com sua textura e toque diferenciados, este multicolor impressiona pela linda combina\u00e7\u00e3o de cores que traz em si, proporcionando um efeito visual espetacular \u00e0s suas cria\u00e7\u00f5es. Al\u00e9m disso, seu &hellip;<\/p>\n<p class=\"read-more\"> <a class=\"\" href=\"https:\/\/euamotrico.com.br\/loja\/produto\/fio-tango-9626\/\"> <span class=\"screen-reader-text\">Fio Tango 9626<\/span> Leia mais &raquo;<\/a><\/p>\n","protected":false},"featured_media":5642,"comment_status":"open","ping_status":"closed","template":"","meta":[],"class_list":["post-5641","product","type-product","status-publish","has-post-thumbnail","hentry","product_cat-novelo","product_tag-novelo"],"jetpack_sharing_enabled":true,"_links":{"self":[{"href":"https:\/\/euamotrico.com.br\/loja\/wp-json\/wp\/v2\/product\/5641","targetHints":{"allow":["GET"]}}],"collection":[{"href":"https:\/\/euamotrico.com.br\/loja\/wp-json\/wp\/v2\/product"}],"about":[{"href":"https:\/\/euamotrico.com.br\/loja\/wp-json\/wp\/v2\/types\/product"}],"replies":[{"embeddable":true,"href":"https:\/\/euamotrico.com.br\/loja\/wp-json\/wp\/v2\/comments?post=5641"}],"version-history":[{"count":1,"href":"https:\/\/euamotrico.com.br\/loja\/wp-json\/wp\/v2\/product\/5641\/revisions"}],"predecessor-version":[{"id":5643,"href":"https:\/\/euamotrico.com.br\/loja\/wp-json\/wp\/v2\/product\/5641\/revisions\/5643"}],"wp:featuredmedia":[{"embeddable":true,"href":"https:\/\/euamotrico.com.br\/loja\/wp-json\/wp\/v2\/media\/5642"}],"wp:attachment":[{"href":"https:\/\/euamotrico.com.br\/loja\/wp-json\/wp\/v2\/media?parent=5641"}],"curies":[{"name":"wp","href":"https:\/\/api.w.org\/{rel}","templated":true}]}}