{"id":5647,"date":"2023-10-09T13:16:36","date_gmt":"2023-10-09T13:16:36","guid":{"rendered":"https:\/\/euamotrico.com.br\/loja\/?post_type=product&#038;p=5647"},"modified":"2024-01-30T12:25:18","modified_gmt":"2024-01-30T12:25:18","slug":"fio-super-ball-7972","status":"publish","type":"product","link":"https:\/\/euamotrico.com.br\/loja\/produto\/fio-super-ball-7972\/","title":{"rendered":"Fio Super Ball 7972"},"content":{"rendered":"<h2 class=\"produto-detalhe__subtitulo\">DADOS T\u00c9CNICOS<\/h2>\n<p>Fio Super Ball C\u00edrculo 500g<\/p>\n<p>Super Ball \u00e9 um convite para a criatividade! O fio conta com um super-rendimento, proporcionando a voc\u00ea criar mais projetos com um \u00fanico novelo! Al\u00e9m disso, oferece uma cartela de cores com 12 lindos tons para agradar todos os estilos.<\/p>\n<p><strong>Composi\u00e7\u00e3o:\u00a0<\/strong>100% Acr\u00edlico<br \/>\n<strong>Metragem:\u00a0<\/strong>840 Metros<br \/>\n<strong>Tex:\u00a0<\/strong>595<br \/>\n<strong>Agulha Recomendada:\u00a0<\/strong>Tric\u00f4 &#8211; 5,0 A 7,0 MM | Croch\u00ea &#8211; 6,0 A 8,0 MM<\/p>\n","protected":false},"excerpt":{"rendered":"<p>DADOS T\u00c9CNICOS Fio Super Ball C\u00edrculo 500g Super Ball \u00e9 um convite para a criatividade! O fio conta com um super-rendimento, proporcionando a voc\u00ea criar mais projetos com um \u00fanico novelo! Al\u00e9m disso, oferece uma cartela de cores com 12 lindos tons para agradar todos os estilos. Composi\u00e7\u00e3o:\u00a0100% Acr\u00edlico Metragem:\u00a0840 Metros Tex:\u00a0595 Agulha Recomendada:\u00a0Tric\u00f4 &#8211; &hellip;<\/p>\n<p class=\"read-more\"> <a class=\"\" href=\"https:\/\/euamotrico.com.br\/loja\/produto\/fio-super-ball-7972\/\"> <span class=\"screen-reader-text\">Fio Super Ball 7972<\/span> Leia mais &raquo;<\/a><\/p>\n","protected":false},"featured_media":5648,"comment_status":"open","ping_status":"closed","template":"","meta":[],"class_list":["post-5647","product","type-product","status-publish","has-post-thumbnail","hentry","product_cat-novelo","product_tag-novelo"],"jetpack_sharing_enabled":true,"_links":{"self":[{"href":"https:\/\/euamotrico.com.br\/loja\/wp-json\/wp\/v2\/product\/5647","targetHints":{"allow":["GET"]}}],"collection":[{"href":"https:\/\/euamotrico.com.br\/loja\/wp-json\/wp\/v2\/product"}],"about":[{"href":"https:\/\/euamotrico.com.br\/loja\/wp-json\/wp\/v2\/types\/product"}],"replies":[{"embeddable":true,"href":"https:\/\/euamotrico.com.br\/loja\/wp-json\/wp\/v2\/comments?post=5647"}],"version-history":[{"count":1,"href":"https:\/\/euamotrico.com.br\/loja\/wp-json\/wp\/v2\/product\/5647\/revisions"}],"predecessor-version":[{"id":5649,"href":"https:\/\/euamotrico.com.br\/loja\/wp-json\/wp\/v2\/product\/5647\/revisions\/5649"}],"wp:featuredmedia":[{"embeddable":true,"href":"https:\/\/euamotrico.com.br\/loja\/wp-json\/wp\/v2\/media\/5648"}],"wp:attachment":[{"href":"https:\/\/euamotrico.com.br\/loja\/wp-json\/wp\/v2\/media?parent=5647"}],"curies":[{"name":"wp","href":"https:\/\/api.w.org\/{rel}","templated":true}]}}