{"id":5650,"date":"2023-10-09T13:19:07","date_gmt":"2023-10-09T13:19:07","guid":{"rendered":"https:\/\/euamotrico.com.br\/loja\/?post_type=product&#038;p=5650"},"modified":"2024-01-30T12:24:35","modified_gmt":"2024-01-30T12:24:35","slug":"fio-alice-7632","status":"publish","type":"product","link":"https:\/\/euamotrico.com.br\/loja\/produto\/fio-alice-7632\/","title":{"rendered":"Fio Alice 7632"},"content":{"rendered":"<div><strong>Fio Alice C\u00edrculo<\/strong> &#8211; 100g &#8211; 500 tex<br \/>\n<strong>Cont\u00e9m:<\/strong> 100g = 200m<br \/>\n<strong>Composi\u00e7\u00e3o:<\/strong> 50% Acr\u00edlico 50% Poli\u00e9ster<br \/>\n<b>Agulha Recomendada:<\/b>\u00a0Tric\u00f4: 4 a 5 mm | Croch\u00ea: 2 a 2,5 mm<\/div>\n<div>\n<p><strong>Fabricante:<\/strong> C\u00edrculo<\/p>\n<p>L\u00e3 Alice C\u00edrculo tem um toque macio e efeito estonado. Esse fio \u00e9 ideal para trabalhos com agulhas mais grossas, pontos volumosos e que exigem rapidez na finaliza\u00e7\u00e3o da confec\u00e7\u00e3o.<\/p>\n<\/div>\n","protected":false},"excerpt":{"rendered":"<p>Fio Alice C\u00edrculo &#8211; 100g &#8211; 500 tex Cont\u00e9m: 100g = 200m Composi\u00e7\u00e3o: 50% Acr\u00edlico 50% Poli\u00e9ster Agulha Recomendada:\u00a0Tric\u00f4: 4 a 5 mm | Croch\u00ea: 2 a 2,5 mm Fabricante: C\u00edrculo L\u00e3 Alice C\u00edrculo tem um toque macio e efeito estonado. Esse fio \u00e9 ideal para trabalhos com agulhas mais grossas, pontos volumosos e que &hellip;<\/p>\n<p class=\"read-more\"> <a class=\"\" href=\"https:\/\/euamotrico.com.br\/loja\/produto\/fio-alice-7632\/\"> <span class=\"screen-reader-text\">Fio Alice 7632<\/span> Leia mais &raquo;<\/a><\/p>\n","protected":false},"featured_media":5651,"comment_status":"open","ping_status":"closed","template":"","meta":[],"class_list":["post-5650","product","type-product","status-publish","has-post-thumbnail","hentry","product_cat-novelo"],"jetpack_sharing_enabled":true,"_links":{"self":[{"href":"https:\/\/euamotrico.com.br\/loja\/wp-json\/wp\/v2\/product\/5650","targetHints":{"allow":["GET"]}}],"collection":[{"href":"https:\/\/euamotrico.com.br\/loja\/wp-json\/wp\/v2\/product"}],"about":[{"href":"https:\/\/euamotrico.com.br\/loja\/wp-json\/wp\/v2\/types\/product"}],"replies":[{"embeddable":true,"href":"https:\/\/euamotrico.com.br\/loja\/wp-json\/wp\/v2\/comments?post=5650"}],"version-history":[{"count":1,"href":"https:\/\/euamotrico.com.br\/loja\/wp-json\/wp\/v2\/product\/5650\/revisions"}],"predecessor-version":[{"id":5652,"href":"https:\/\/euamotrico.com.br\/loja\/wp-json\/wp\/v2\/product\/5650\/revisions\/5652"}],"wp:featuredmedia":[{"embeddable":true,"href":"https:\/\/euamotrico.com.br\/loja\/wp-json\/wp\/v2\/media\/5651"}],"wp:attachment":[{"href":"https:\/\/euamotrico.com.br\/loja\/wp-json\/wp\/v2\/media?parent=5650"}],"curies":[{"name":"wp","href":"https:\/\/api.w.org\/{rel}","templated":true}]}}